{"id":5332,"date":"2026-01-19T14:56:12","date_gmt":"2026-01-19T14:56:12","guid":{"rendered":"https:\/\/saffir.ma\/?post_type=product&#038;p=5332"},"modified":"2026-01-20T23:05:15","modified_gmt":"2026-01-20T23:05:15","slug":"parfum-khalis-oudi-100-ml-lattafa","status":"publish","type":"product","link":"https:\/\/saffir.ma\/fr\/produit\/parfum-khalis-oudi-100-ml-lattafa\/","title":{"rendered":"Parfum Khalis Oudi 100 ml \u2013 Lattafa"},"content":{"rendered":"<p data-start=\"1152\" data-end=\"1377\">Le <strong data-start=\"1155\" data-end=\"1187\">Parfum Khalis Oudi \u2013 Lattafa<\/strong> est une eau de parfum unisexe qui met \u00e0 l\u2019honneur l\u2019<strong data-start=\"1240\" data-end=\"1290\">oud dans sa forme la plus noble et authentique<\/strong>. Son caract\u00e8re puissant en fait une fragrance embl\u00e9matique de la parfumerie orientale.<\/p>\n<p data-start=\"1379\" data-end=\"1518\">D\u00e8s l\u2019ouverture, des accords bois\u00e9s et \u00e9pic\u00e9s installent une atmosph\u00e8re chaude et intense, annon\u00e7ant une composition riche et enveloppante.<\/p>\n<p data-start=\"1520\" data-end=\"1648\">Le c\u0153ur d\u00e9voile un oud profond et fum\u00e9, associ\u00e9 \u00e0 des notes d\u2019encens qui renforcent le c\u00f4t\u00e9 mystique et luxueux de la fragrance.<\/p>\n<p data-start=\"1650\" data-end=\"1840\">En fond, l\u2019ambre dor\u00e9 et le musc sensuel s\u2019unissent aux bois pr\u00e9cieux pour offrir une <strong data-start=\"1736\" data-end=\"1758\">tenue longue dur\u00e9e<\/strong> et un <strong data-start=\"1765\" data-end=\"1785\">sillage puissant<\/strong>, laissant une empreinte olfactive marqu\u00e9e et \u00e9l\u00e9gante.<\/p>\n<p data-start=\"1842\" data-end=\"1989\">Khalis Oudi est un parfum de caract\u00e8re, id\u00e9al pour celles et ceux qui recherchent une fragrance <strong data-start=\"1938\" data-end=\"1988\">orientale authentique, intense et sophistiqu\u00e9e<\/strong>.<\/p>","protected":false},"excerpt":{"rendered":"<p data-start=\"206\" data-end=\"534\">Un parfum <strong data-start=\"216\" data-end=\"242\">unisexe oriental bois\u00e9<\/strong>, destin\u00e9 aux amateurs de senteurs <strong data-start=\"277\" data-end=\"321\">oudy intenses, profondes et authentiques<\/strong>. Khalis Oudi s\u2019adresse \u00e0 ceux qui appr\u00e9cient les fragrances orientales traditionnelles avec une forte personnalit\u00e9, id\u00e9ales pour les soir\u00e9es, les occasions sp\u00e9ciales ou pour affirmer un style puissant et raffin\u00e9.<\/p>\n<p data-start=\"576\" data-end=\"816\">Une eau de parfum orientale bois\u00e9e domin\u00e9e par l\u2019<strong data-start=\"625\" data-end=\"636\">oud pur<\/strong>, enrichie de notes <strong data-start=\"656\" data-end=\"688\">ambr\u00e9es, musqu\u00e9es et \u00e9pic\u00e9es<\/strong>, offrant une <strong data-start=\"702\" data-end=\"757\">signature olfactive intense, chaleureuse et durable<\/strong>, parfaite pour les amateurs de parfums orientaux profonds.<\/p>\n<h3 data-start=\"823\" data-end=\"847\"><strong data-start=\"827\" data-end=\"847\">Notes olfactives<\/strong><\/h3>\n<p data-start=\"848\" data-end=\"1108\"><strong data-start=\"848\" data-end=\"867\">Notes de t\u00eate :<\/strong> Notes bois\u00e9es, \u00c9pices douces \u2014 une ouverture chaleureuse et affirm\u00e9e.<br data-start=\"937\" data-end=\"940\" \/><strong data-start=\"940\" data-end=\"959\">Notes de c\u0153ur :<\/strong> Oud (bois d\u2019agar), Encens \u2014 c\u0153ur profond, fum\u00e9 et mystique.<br data-start=\"1019\" data-end=\"1022\" \/><strong data-start=\"1022\" data-end=\"1041\">Notes de fond :<\/strong> Ambre, Musc, Bois pr\u00e9cieux \u2014 base riche, sensuelle et persistante.<\/p>","protected":false},"featured_media":5399,"comment_status":"open","ping_status":"closed","template":"","meta":{"_acf_changed":false,"content-type":""},"product_brand":[],"product_cat":[78,116],"product_tag":[],"class_list":{"0":"post-5332","1":"product","2":"type-product","3":"status-publish","4":"has-post-thumbnail","6":"product_cat-parfums","7":"product_cat-unisex","9":"first","10":"instock","11":"shipping-taxable","12":"purchasable","13":"product-type-simple"},"acf":[],"jetpack_sharing_enabled":true,"_links":{"self":[{"href":"https:\/\/saffir.ma\/fr\/wp-json\/wp\/v2\/product\/5332","targetHints":{"allow":["GET"]}}],"collection":[{"href":"https:\/\/saffir.ma\/fr\/wp-json\/wp\/v2\/product"}],"about":[{"href":"https:\/\/saffir.ma\/fr\/wp-json\/wp\/v2\/types\/product"}],"replies":[{"embeddable":true,"href":"https:\/\/saffir.ma\/fr\/wp-json\/wp\/v2\/comments?post=5332"}],"wp:featuredmedia":[{"embeddable":true,"href":"https:\/\/saffir.ma\/fr\/wp-json\/wp\/v2\/media\/5399"}],"wp:attachment":[{"href":"https:\/\/saffir.ma\/fr\/wp-json\/wp\/v2\/media?parent=5332"}],"wp:term":[{"taxonomy":"product_brand","embeddable":true,"href":"https:\/\/saffir.ma\/fr\/wp-json\/wp\/v2\/product_brand?post=5332"},{"taxonomy":"product_cat","embeddable":true,"href":"https:\/\/saffir.ma\/fr\/wp-json\/wp\/v2\/product_cat?post=5332"},{"taxonomy":"product_tag","embeddable":true,"href":"https:\/\/saffir.ma\/fr\/wp-json\/wp\/v2\/product_tag?post=5332"}],"curies":[{"name":"wp","href":"https:\/\/api.w.org\/{rel}","templated":true}]}}