{"id":5401,"date":"2026-01-20T23:32:04","date_gmt":"2026-01-20T23:32:04","guid":{"rendered":"https:\/\/saffir.ma\/?post_type=product&#038;p=5401"},"modified":"2026-01-20T23:43:37","modified_gmt":"2026-01-20T23:43:37","slug":"gel-nettoyant-200-ml-saffir","status":"publish","type":"product","link":"https:\/\/saffir.ma\/fr\/produit\/gel-nettoyant-200-ml-saffir\/","title":{"rendered":"Mousse Nettoyante Visage 200 ML \u2013SAFFIR"},"content":{"rendered":"<p data-start=\"544\" data-end=\"870\">La <strong data-start=\"547\" data-end=\"582\">Mousse Nettoyante Visage Saffir<\/strong> est formul\u00e9e \u00e0 base d\u2019extraits de plantes et d\u2019huiles essentielles soigneusement s\u00e9lectionn\u00e9es pour offrir un nettoyage efficace et respectueux de la peau. Sa <strong data-start=\"742\" data-end=\"762\">texture a\u00e9rienne<\/strong> \u00e9limine les impuret\u00e9s, l\u2019exc\u00e8s de s\u00e9bum et les r\u00e9sidus tout en laissant la peau douce, fra\u00eeche et hydrat\u00e9e.<\/p>\n<p data-start=\"872\" data-end=\"1162\">Gr\u00e2ce \u00e0 l\u2019<strong data-start=\"882\" data-end=\"895\">aloe vera<\/strong>, \u00e0 la <strong data-start=\"902\" data-end=\"915\">camomille<\/strong> et au <strong data-start=\"922\" data-end=\"934\">th\u00e9 vert<\/strong>, cette mousse aide \u00e0 apaiser la peau et \u00e0 r\u00e9duire les sensations d\u2019inconfort. Les huiles essentielles de <strong data-start=\"1040\" data-end=\"1051\">lavande<\/strong>, <strong data-start=\"1053\" data-end=\"1070\">d\u2019arbre \u00e0 th\u00e9<\/strong> et l\u2019huile de <strong data-start=\"1085\" data-end=\"1095\">jojoba<\/strong> contribuent \u00e0 purifier, hydrater et prot\u00e9ger la peau au quotidien.<\/p>\n<p data-start=\"1164\" data-end=\"1283\">Id\u00e9ale pour tous les types de peau, cette mousse nettoyante est parfaite pour une routine visage naturelle et efficace.<\/p>","protected":false},"excerpt":{"rendered":"<p><strong data-start=\"227\" data-end=\"302\">Mousse Nettoyante Visage aux Extraits de Plantes et Huiles Essentielles<\/strong>. Nettoie en douceur, purifie la peau en profondeur et aide \u00e0 apaiser les irritations. Sa texture mousse l\u00e9g\u00e8re respecte l\u2019\u00e9quilibre naturel de la peau et convient \u00e0 un usage quotidien.<\/p>","protected":false},"featured_media":5402,"comment_status":"open","ping_status":"closed","template":"","meta":{"_acf_changed":false,"content-type":""},"product_brand":[],"product_cat":[106,75],"product_tag":[],"class_list":{"0":"post-5401","1":"product","2":"type-product","3":"status-publish","4":"has-post-thumbnail","6":"product_cat-body-care","7":"product_cat-cosmitics","9":"first","10":"instock","11":"shipping-taxable","12":"purchasable","13":"product-type-simple"},"acf":[],"jetpack_sharing_enabled":true,"_links":{"self":[{"href":"https:\/\/saffir.ma\/fr\/wp-json\/wp\/v2\/product\/5401","targetHints":{"allow":["GET"]}}],"collection":[{"href":"https:\/\/saffir.ma\/fr\/wp-json\/wp\/v2\/product"}],"about":[{"href":"https:\/\/saffir.ma\/fr\/wp-json\/wp\/v2\/types\/product"}],"replies":[{"embeddable":true,"href":"https:\/\/saffir.ma\/fr\/wp-json\/wp\/v2\/comments?post=5401"}],"wp:featuredmedia":[{"embeddable":true,"href":"https:\/\/saffir.ma\/fr\/wp-json\/wp\/v2\/media\/5402"}],"wp:attachment":[{"href":"https:\/\/saffir.ma\/fr\/wp-json\/wp\/v2\/media?parent=5401"}],"wp:term":[{"taxonomy":"product_brand","embeddable":true,"href":"https:\/\/saffir.ma\/fr\/wp-json\/wp\/v2\/product_brand?post=5401"},{"taxonomy":"product_cat","embeddable":true,"href":"https:\/\/saffir.ma\/fr\/wp-json\/wp\/v2\/product_cat?post=5401"},{"taxonomy":"product_tag","embeddable":true,"href":"https:\/\/saffir.ma\/fr\/wp-json\/wp\/v2\/product_tag?post=5401"}],"curies":[{"name":"wp","href":"https:\/\/api.w.org\/{rel}","templated":true}]}}