{"id":5408,"date":"2026-01-21T15:43:22","date_gmt":"2026-01-21T15:43:22","guid":{"rendered":"https:\/\/saffir.ma\/?post_type=product&#038;p=5408"},"modified":"2026-01-21T23:14:47","modified_gmt":"2026-01-21T23:14:47","slug":"bakhour-tahiah-al-oud-banafa","status":"publish","type":"product","link":"https:\/\/saffir.ma\/fr\/produit\/bakhour-tahiah-al-oud-banafa\/","title":{"rendered":"Bakhour Tahiah Al Oud \u2013 Banafa"},"content":{"rendered":"<p data-start=\"512\" data-end=\"780\">Le <strong data-start=\"515\" data-end=\"550\">Bakhour Tahiah Al Oud de Banafa<\/strong> est un encens oriental haut de gamme, reconnu pour son parfum riche et intense \u00e0 base de notes de oud. Utilis\u00e9 traditionnellement dans les maisons orientales, il diffuse une fragrance \u00e9l\u00e9gante et durable qui sublime l\u2019atmosph\u00e8re.<\/p>\n<p data-start=\"782\" data-end=\"1021\">Gr\u00e2ce \u00e0 sa combustion lente, ce bakhour est parfait pour parfumer l\u2019int\u00e9rieur, les textiles ou accompagner des moments de d\u00e9tente et de r\u00e9ception. Un choix id\u00e9al pour les amateurs d\u2019encens de caract\u00e8re et de parfums orientaux authentiques.<\/p>\n<hr data-start=\"1023\" data-end=\"1026\" \/>\n<h2 data-start=\"1028\" data-end=\"1052\">\ud83d\udd39 MODE D\u2019UTILISATION<\/h2>\n<p data-start=\"1054\" data-end=\"1196\">D\u00e9poser une petite quantit\u00e9 de bakhour sur un charbon ardent ou dans un br\u00fbleur \u00e9lectrique adapt\u00e9.<br data-start=\"1152\" data-end=\"1155\" \/>Laisser diffuser le parfum dans la pi\u00e8ce.<\/p>\n<hr data-start=\"1198\" data-end=\"1201\" \/>\n<h2 data-start=\"1203\" data-end=\"1229\">\ud83d\udd39 PR\u00c9CAUTIONS D\u2019EMPLOI<\/h2>\n<p data-start=\"1231\" data-end=\"1376\">Usage domestique uniquement.<br data-start=\"1259\" data-end=\"1262\" \/>Ne pas laisser br\u00fbler sans surveillance.<br data-start=\"1302\" data-end=\"1305\" \/>Tenir hors de port\u00e9e des enfants.<br data-start=\"1338\" data-end=\"1341\" \/>Utiliser dans un endroit bien a\u00e9r\u00e9.<\/p>","protected":false},"excerpt":{"rendered":"<p>Le <strong data-start=\"289\" data-end=\"321\">Bakhour Tahiah Al Oud Banafa<\/strong> est un encens oriental premium aux notes profondes de oud. Id\u00e9al pour parfumer la maison, les v\u00eatements et cr\u00e9er une ambiance chaleureuse et raffin\u00e9e.<\/p>","protected":false},"featured_media":5426,"comment_status":"open","ping_status":"closed","template":"","meta":{"_acf_changed":false,"content-type":""},"product_brand":[],"product_cat":[160,73],"product_tag":[],"class_list":{"0":"post-5408","1":"product","2":"type-product","3":"status-publish","4":"has-post-thumbnail","6":"product_cat-encens","7":"product_cat-encens-ambiances","9":"first","10":"instock","11":"shipping-taxable","12":"purchasable","13":"product-type-simple"},"acf":[],"jetpack_sharing_enabled":true,"_links":{"self":[{"href":"https:\/\/saffir.ma\/fr\/wp-json\/wp\/v2\/product\/5408","targetHints":{"allow":["GET"]}}],"collection":[{"href":"https:\/\/saffir.ma\/fr\/wp-json\/wp\/v2\/product"}],"about":[{"href":"https:\/\/saffir.ma\/fr\/wp-json\/wp\/v2\/types\/product"}],"replies":[{"embeddable":true,"href":"https:\/\/saffir.ma\/fr\/wp-json\/wp\/v2\/comments?post=5408"}],"wp:featuredmedia":[{"embeddable":true,"href":"https:\/\/saffir.ma\/fr\/wp-json\/wp\/v2\/media\/5426"}],"wp:attachment":[{"href":"https:\/\/saffir.ma\/fr\/wp-json\/wp\/v2\/media?parent=5408"}],"wp:term":[{"taxonomy":"product_brand","embeddable":true,"href":"https:\/\/saffir.ma\/fr\/wp-json\/wp\/v2\/product_brand?post=5408"},{"taxonomy":"product_cat","embeddable":true,"href":"https:\/\/saffir.ma\/fr\/wp-json\/wp\/v2\/product_cat?post=5408"},{"taxonomy":"product_tag","embeddable":true,"href":"https:\/\/saffir.ma\/fr\/wp-json\/wp\/v2\/product_tag?post=5408"}],"curies":[{"name":"wp","href":"https:\/\/api.w.org\/{rel}","templated":true}]}}