{"id":5561,"date":"2026-01-31T17:50:07","date_gmt":"2026-01-31T17:50:07","guid":{"rendered":"https:\/\/saffir.ma\/?post_type=product&#038;p=5561"},"modified":"2026-02-01T21:14:35","modified_gmt":"2026-02-01T21:14:35","slug":"parfum-writer-gold-cyrus-parfums","status":"publish","type":"product","link":"https:\/\/saffir.ma\/fr\/produit\/parfum-writer-gold-cyrus-parfums\/","title":{"rendered":"Parfum Writer Gold \u2013  Cyrus Parfums"},"content":{"rendered":"<p data-start=\"986\" data-end=\"1299\">L\u2019ouverture vive et p\u00e9tillante s\u2019ouvre sur une <strong data-start=\"1033\" data-end=\"1064\">essence de citron \u00e9nergique<\/strong>, rehauss\u00e9e par la <strong data-start=\"1083\" data-end=\"1096\">cardamome<\/strong> et l\u2019<strong data-start=\"1102\" data-end=\"1124\">armoise aromatique<\/strong>, accompagn\u00e9e d\u2019une touche intrigante de <strong data-start=\"1165\" data-end=\"1175\">davana<\/strong>. Cette combinaison fra\u00eeche et \u00e9pic\u00e9e attire l\u2019attention d\u00e8s la premi\u00e8re vaporisation.<\/p>\n<p data-start=\"1301\" data-end=\"1467\">Le c\u0153ur d\u00e9voile une douceur florale raffin\u00e9e gr\u00e2ce \u00e0 la <strong data-start=\"1357\" data-end=\"1376\">fleur d\u2019oranger<\/strong>, qui apporte \u00e9l\u00e9gance et \u00e9quilibre \u00e0 la composition.<\/p>\n<p data-start=\"1469\" data-end=\"1712\">En fond, la fragrance s\u2019installe sur une base profonde, bois\u00e9e et sensuelle compos\u00e9e de <strong data-start=\"1557\" data-end=\"1576\">v\u00e9tiver d\u2019Ha\u00efti<\/strong>, <strong data-start=\"1578\" data-end=\"1592\">f\u00e8ve tonka<\/strong> et <strong data-start=\"1596\" data-end=\"1611\">ambre bois\u00e9<\/strong>, offrant un sillage durable et \u00e9l\u00e9gant qui marque les esprits.<\/p>\n<p data-start=\"1714\" data-end=\"1971\">Avec son \u00e9quilibre parfait entre fra\u00eecheur dynamique, notes florales subtiles et chaleur bois\u00e9e, <strong data-start=\"1811\" data-end=\"1826\">Writer Gold<\/strong> est id\u00e9al pour l\u2019homme moderne \u00e0 la recherche d\u2019une identit\u00e9 olfactive distinctive, \u00e9l\u00e9gante et m\u00e9morable.<\/p>\n<h3 data-start=\"1978\" data-end=\"2005\">\ud83d\udd25 <strong data-start=\"1985\" data-end=\"2005\">Notes olfactives<\/strong><\/h3>\n<ul data-start=\"2007\" data-end=\"2293\">\n<li data-start=\"2007\" data-end=\"2114\">\n<p data-start=\"2009\" data-end=\"2114\"><strong data-start=\"2009\" data-end=\"2028\">Notes de t\u00eate :<\/strong> Essence de Citron, Armoise, Cardamome, Davana<\/p>\n<\/li>\n<li data-start=\"2115\" data-end=\"2192\">\n<p data-start=\"2117\" data-end=\"2192\"><strong data-start=\"2117\" data-end=\"2136\">Notes de c\u0153ur :<\/strong> Fleur d\u2019Oranger<\/p>\n<\/li>\n<li data-start=\"2193\" data-end=\"2293\">\n<p data-start=\"2195\" data-end=\"2293\"><strong data-start=\"2195\" data-end=\"2214\">Notes de fond :<\/strong> V\u00e9tiver d\u2019Ha\u00efti, F\u00e8ve Tonka, Ambre Bois\u00e9<\/p>\n<\/li>\n<\/ul>","protected":false},"excerpt":{"rendered":"<p><strong data-start=\"645\" data-end=\"690\">Writer Gold de Paris Bleu \/ Cyrus Parfums<\/strong> est une fragrance masculine sophistiqu\u00e9e qui capture l\u2019essence du style audacieux et contemporain. Pens\u00e9 pour l\u2019homme s\u00fbr de lui, ce parfum oriental bois\u00e9 combine fra\u00eecheur, \u00e9l\u00e9gance et profondeur olfactive pour cr\u00e9er une exp\u00e9rience olfactive remarquable.<\/p>","protected":false},"featured_media":5584,"comment_status":"open","ping_status":"closed","template":"","meta":{"_acf_changed":false,"content-type":""},"product_brand":[],"product_cat":[78,114],"product_tag":[],"class_list":{"0":"post-5561","1":"product","2":"type-product","3":"status-publish","4":"has-post-thumbnail","6":"product_cat-parfums","7":"product_cat-for-men","9":"first","10":"instock","11":"shipping-taxable","12":"purchasable","13":"product-type-simple"},"acf":[],"jetpack_sharing_enabled":true,"_links":{"self":[{"href":"https:\/\/saffir.ma\/fr\/wp-json\/wp\/v2\/product\/5561","targetHints":{"allow":["GET"]}}],"collection":[{"href":"https:\/\/saffir.ma\/fr\/wp-json\/wp\/v2\/product"}],"about":[{"href":"https:\/\/saffir.ma\/fr\/wp-json\/wp\/v2\/types\/product"}],"replies":[{"embeddable":true,"href":"https:\/\/saffir.ma\/fr\/wp-json\/wp\/v2\/comments?post=5561"}],"wp:featuredmedia":[{"embeddable":true,"href":"https:\/\/saffir.ma\/fr\/wp-json\/wp\/v2\/media\/5584"}],"wp:attachment":[{"href":"https:\/\/saffir.ma\/fr\/wp-json\/wp\/v2\/media?parent=5561"}],"wp:term":[{"taxonomy":"product_brand","embeddable":true,"href":"https:\/\/saffir.ma\/fr\/wp-json\/wp\/v2\/product_brand?post=5561"},{"taxonomy":"product_cat","embeddable":true,"href":"https:\/\/saffir.ma\/fr\/wp-json\/wp\/v2\/product_cat?post=5561"},{"taxonomy":"product_tag","embeddable":true,"href":"https:\/\/saffir.ma\/fr\/wp-json\/wp\/v2\/product_tag?post=5561"}],"curies":[{"name":"wp","href":"https:\/\/api.w.org\/{rel}","templated":true}]}}