{"id":5563,"date":"2026-01-31T18:00:23","date_gmt":"2026-01-31T18:00:23","guid":{"rendered":"https:\/\/saffir.ma\/?post_type=product&#038;p=5563"},"modified":"2026-02-01T21:11:57","modified_gmt":"2026-02-01T21:11:57","slug":"parfum-momento-matrix-faan","status":"publish","type":"product","link":"https:\/\/saffir.ma\/fr\/produit\/parfum-momento-matrix-faan\/","title":{"rendered":"Parfum Momento Matrix \u2013 FAAN"},"content":{"rendered":"<p data-start=\"588\" data-end=\"912\"><strong data-start=\"588\" data-end=\"614\">Momento Matrix de FAAN<\/strong> est une fragrance <strong data-start=\"633\" data-end=\"644\">unisexe<\/strong> qui s\u2019adresse \u00e0 celles et ceux qui recherchent une senteur fra\u00eeche, \u00e9l\u00e9gante et \u00e9quilibr\u00e9e. Elle navigue avec fluidit\u00e9 entre une ouverture p\u00e9tillante et un fond sensuel, offrant une exp\u00e9rience olfactive raffin\u00e9e et contemporaine.<\/p>\n<p data-start=\"914\" data-end=\"1191\">L\u2019ouverture s\u2019illumine avec des <strong data-start=\"946\" data-end=\"1012\">notes fruit\u00e9es et juteuses d\u2019ananas, pamplemousse et bergamote<\/strong>, procurant une sensation de fra\u00eecheur imm\u00e9diate et vivifiante. Cette premi\u00e8re impression vivace attire l\u2019attention tout en restant \u00e9l\u00e9gante.<\/p>\n<p data-start=\"1193\" data-end=\"1437\">Le c\u0153ur r\u00e9v\u00e8le une facette plus sophistiqu\u00e9e et harmonieuse o\u00f9 <strong data-start=\"1256\" data-end=\"1274\">jasmin d\u00e9licat<\/strong>, <strong data-start=\"1276\" data-end=\"1297\">patchouli terreux<\/strong> et <strong data-start=\"1301\" data-end=\"1318\">bois de c\u00e8dre<\/strong>s\u2019entrelacent pour offrir une profondeur aromatique qui enrichit la composition.<\/p>\n<p data-start=\"1439\" data-end=\"1678\">En base, la fragrance repose sur des notes bois\u00e9es et sensuelles de <strong data-start=\"1507\" data-end=\"1526\">mousse de ch\u00eane<\/strong>, <strong data-start=\"1528\" data-end=\"1539\">v\u00e9tiver<\/strong>, <strong data-start=\"1541\" data-end=\"1556\">ambre chaud<\/strong> et <strong data-start=\"1560\" data-end=\"1573\">musc doux<\/strong>, cr\u00e9ant une signature durable, raffin\u00e9e et subtilement captivante.<\/p>\n<p data-start=\"1680\" data-end=\"1932\">Polyvalent et moderne, <strong data-start=\"1703\" data-end=\"1728\">Momento Matrix \u2013 FAAN<\/strong> est parfait pour les saisons chaudes comme pour les occasions quotidiennes ou sp\u00e9ciales, offrant une pr\u00e9sence \u00e9l\u00e9gante et fra\u00eeche qui laisse une empreinte m\u00e9morable.<\/p>\n<h3 data-start=\"1939\" data-end=\"1966\">\ud83d\udd25 <strong data-start=\"1946\" data-end=\"1966\">Notes olfactives<\/strong><\/h3>\n<ul data-start=\"1968\" data-end=\"2254\">\n<li data-start=\"1968\" data-end=\"2061\">\n<p data-start=\"1970\" data-end=\"2061\"><strong data-start=\"1970\" data-end=\"1989\">Notes de t\u00eate :<\/strong> Ananas, Pamplemousse, Bergamote<\/p>\n<\/li>\n<li data-start=\"2062\" data-end=\"2156\">\n<p data-start=\"2064\" data-end=\"2156\"><strong data-start=\"2064\" data-end=\"2083\">Notes de c\u0153ur :<\/strong> Jasmin, Patchouli, Bois de C\u00e8dre<\/p>\n<\/li>\n<li data-start=\"2157\" data-end=\"2254\">\n<p data-start=\"2159\" data-end=\"2254\"><strong data-start=\"2159\" data-end=\"2178\">Notes de fond :<\/strong> Mousse de Ch\u00eane, Ambre, V\u00e9tiver, Musc<\/p>\n<\/li>\n<\/ul>","protected":false},"excerpt":{"rendered":"<p><strong data-start=\"290\" data-end=\"315\">Momento Matrix \u2013 FAAN<\/strong> est une <strong data-start=\"324\" data-end=\"349\">eau de parfum unisexe<\/strong> aux accords <strong data-start=\"362\" data-end=\"394\">citrus aromatiques et bois\u00e9s<\/strong>, combinant fra\u00eecheur fruit\u00e9e vive et profondeur \u00e9l\u00e9gante, id\u00e9ale pour une signature olfactive moderne et versatile.<\/p>","protected":false},"featured_media":5581,"comment_status":"open","ping_status":"closed","template":"","meta":{"_acf_changed":false,"content-type":""},"product_brand":[],"product_cat":[78,114],"product_tag":[],"class_list":{"0":"post-5563","1":"product","2":"type-product","3":"status-publish","4":"has-post-thumbnail","6":"product_cat-parfums","7":"product_cat-for-men","9":"first","10":"instock","11":"shipping-taxable","12":"purchasable","13":"product-type-simple"},"acf":[],"jetpack_sharing_enabled":true,"_links":{"self":[{"href":"https:\/\/saffir.ma\/fr\/wp-json\/wp\/v2\/product\/5563","targetHints":{"allow":["GET"]}}],"collection":[{"href":"https:\/\/saffir.ma\/fr\/wp-json\/wp\/v2\/product"}],"about":[{"href":"https:\/\/saffir.ma\/fr\/wp-json\/wp\/v2\/types\/product"}],"replies":[{"embeddable":true,"href":"https:\/\/saffir.ma\/fr\/wp-json\/wp\/v2\/comments?post=5563"}],"wp:featuredmedia":[{"embeddable":true,"href":"https:\/\/saffir.ma\/fr\/wp-json\/wp\/v2\/media\/5581"}],"wp:attachment":[{"href":"https:\/\/saffir.ma\/fr\/wp-json\/wp\/v2\/media?parent=5563"}],"wp:term":[{"taxonomy":"product_brand","embeddable":true,"href":"https:\/\/saffir.ma\/fr\/wp-json\/wp\/v2\/product_brand?post=5563"},{"taxonomy":"product_cat","embeddable":true,"href":"https:\/\/saffir.ma\/fr\/wp-json\/wp\/v2\/product_cat?post=5563"},{"taxonomy":"product_tag","embeddable":true,"href":"https:\/\/saffir.ma\/fr\/wp-json\/wp\/v2\/product_tag?post=5563"}],"curies":[{"name":"wp","href":"https:\/\/api.w.org\/{rel}","templated":true}]}}