{"id":5564,"date":"2026-01-31T18:02:57","date_gmt":"2026-01-31T18:02:57","guid":{"rendered":"https:\/\/saffir.ma\/?post_type=product&#038;p=5564"},"modified":"2026-02-01T21:10:46","modified_gmt":"2026-02-01T21:10:46","slug":"parfum-columbus-navigate-seven-1987","status":"publish","type":"product","link":"https:\/\/saffir.ma\/fr\/produit\/parfum-columbus-navigate-seven-1987\/","title":{"rendered":"Parfum Columbus Navigate \u2013 Seven 1987"},"content":{"rendered":"<p data-start=\"605\" data-end=\"922\"><strong data-start=\"605\" data-end=\"640\">Columbus Navigate de Seven 1987<\/strong> est une fragrance unisexe inspir\u00e9e par l\u2019esprit d\u2019aventure, la libert\u00e9 et les horizons nouveaux. Elle incarne une \u00e9l\u00e9gance naturelle et un caract\u00e8re confiant, id\u00e9al pour tous ceux qui souhaitent d\u00e9gager une pr\u00e9sence raffin\u00e9e en toute occasion.<\/p>\n<p data-start=\"924\" data-end=\"1158\">La fragrance s\u2019ouvre sur une <strong data-start=\"953\" data-end=\"975\">fresher hesp\u00e9rid\u00e9e<\/strong> saisissante gr\u00e2ce \u00e0 la <strong data-start=\"999\" data-end=\"1019\">bergamote zest\u00e9e<\/strong> et au <strong data-start=\"1026\" data-end=\"1040\">citron vif<\/strong>, offrant une premi\u00e8re impression vivifiante et lumineuse qui capte l\u2019attention.<\/p>\n<p data-start=\"1160\" data-end=\"1398\">Le c\u0153ur floral sait s\u00e9duire par son <strong data-start=\"1196\" data-end=\"1214\">jasmin d\u00e9licat<\/strong>, <strong data-start=\"1216\" data-end=\"1237\">n\u00e9nuphar apaisant<\/strong> et <strong data-start=\"1241\" data-end=\"1261\">gard\u00e9nia raffin\u00e9<\/strong>, qui apportent une \u00e9l\u00e9gance douce et f\u00e9minine tout en conservant une allure moderne et \u00e9quilibr\u00e9e.<\/p>\n<p data-start=\"1400\" data-end=\"1666\">En fond, la composition s\u2019ach\u00e8ve sur une base <strong data-start=\"1446\" data-end=\"1466\">bois\u00e9e sensuelle<\/strong> de <strong data-start=\"1470\" data-end=\"1491\">bois de cachemire<\/strong>, <strong data-start=\"1493\" data-end=\"1513\">musc enveloppant<\/strong> et <strong data-start=\"1517\" data-end=\"1537\">ambre balsamique<\/strong>, cr\u00e9ant un sillage profond, chaleureux et sophistiqu\u00e9 qui prolonge l\u2019exp\u00e9rience olfactive.<\/p>\n<p data-start=\"1668\" data-end=\"1934\"><strong data-start=\"1668\" data-end=\"1702\">Columbus Navigate \u2013 Seven 1987<\/strong> se distingue par son \u00e9quilibre harmonieux entre fra\u00eecheur, floralit\u00e9 et notes bois\u00e9es sensuelles, ce qui en fait un choix parfait pour les amoureux des parfums \u00e9l\u00e9gants, modernes et universels.<\/p>\n<hr data-start=\"1936\" data-end=\"1939\" \/>\n<h3 data-start=\"1941\" data-end=\"1968\">\ud83d\udd25 <strong data-start=\"1948\" data-end=\"1968\">Notes olfactives<\/strong><\/h3>\n<ul data-start=\"1970\" data-end=\"2251\">\n<li data-start=\"1970\" data-end=\"2060\">\n<p data-start=\"1972\" data-end=\"2060\"><strong data-start=\"1972\" data-end=\"1991\">Notes de t\u00eate :<\/strong> Bergamote zest\u00e9e, Citron vif<\/p>\n<\/li>\n<li data-start=\"2061\" data-end=\"2149\">\n<p data-start=\"2063\" data-end=\"2149\"><strong data-start=\"2063\" data-end=\"2082\">Notes de c\u0153ur :<\/strong> Jasmin, N\u00e9nuphar, Gard\u00e9nia<\/p>\n<\/li>\n<li data-start=\"2150\" data-end=\"2251\">\n<p data-start=\"2152\" data-end=\"2251\"><strong data-start=\"2152\" data-end=\"2171\">Notes de fond :<\/strong> Bois de cachemire, Musc, Ambre balsamique<\/p>\n<\/li>\n<\/ul>","protected":false},"excerpt":{"rendered":"<p><strong data-start=\"242\" data-end=\"276\">Columbus Navigate \u2013 Seven 1987<\/strong> est une eau de parfum unisexe fra\u00eeche et sophistiqu\u00e9e, combinant des notes hesp\u00e9rid\u00e9es vibrantes \u00e0 un c\u0153ur floral d\u00e9licat et une base bois\u00e9e sensuelle. Une fragrance \u00e9l\u00e9gante, moderne et \u00e9quilibr\u00e9e pour celles et ceux qui aiment l\u2019aventure olfactive.<\/p>","protected":false},"featured_media":5580,"comment_status":"open","ping_status":"closed","template":"","meta":{"_acf_changed":false,"content-type":""},"product_brand":[],"product_cat":[78,116],"product_tag":[],"class_list":{"0":"post-5564","1":"product","2":"type-product","3":"status-publish","4":"has-post-thumbnail","6":"product_cat-parfums","7":"product_cat-unisex","9":"first","10":"instock","11":"shipping-taxable","12":"purchasable","13":"product-type-simple"},"acf":[],"jetpack_sharing_enabled":true,"_links":{"self":[{"href":"https:\/\/saffir.ma\/fr\/wp-json\/wp\/v2\/product\/5564","targetHints":{"allow":["GET"]}}],"collection":[{"href":"https:\/\/saffir.ma\/fr\/wp-json\/wp\/v2\/product"}],"about":[{"href":"https:\/\/saffir.ma\/fr\/wp-json\/wp\/v2\/types\/product"}],"replies":[{"embeddable":true,"href":"https:\/\/saffir.ma\/fr\/wp-json\/wp\/v2\/comments?post=5564"}],"wp:featuredmedia":[{"embeddable":true,"href":"https:\/\/saffir.ma\/fr\/wp-json\/wp\/v2\/media\/5580"}],"wp:attachment":[{"href":"https:\/\/saffir.ma\/fr\/wp-json\/wp\/v2\/media?parent=5564"}],"wp:term":[{"taxonomy":"product_brand","embeddable":true,"href":"https:\/\/saffir.ma\/fr\/wp-json\/wp\/v2\/product_brand?post=5564"},{"taxonomy":"product_cat","embeddable":true,"href":"https:\/\/saffir.ma\/fr\/wp-json\/wp\/v2\/product_cat?post=5564"},{"taxonomy":"product_tag","embeddable":true,"href":"https:\/\/saffir.ma\/fr\/wp-json\/wp\/v2\/product_tag?post=5564"}],"curies":[{"name":"wp","href":"https:\/\/api.w.org\/{rel}","templated":true}]}}