{"id":5567,"date":"2026-01-31T18:20:43","date_gmt":"2026-01-31T18:20:43","guid":{"rendered":"https:\/\/saffir.ma\/?post_type=product&#038;p=5567"},"modified":"2026-02-01T21:06:47","modified_gmt":"2026-02-01T21:06:47","slug":"parfum-hunter-faan","status":"publish","type":"product","link":"https:\/\/saffir.ma\/fr\/produit\/parfum-hunter-faan\/","title":{"rendered":"Parfum Hunter \u2013 FAAN"},"content":{"rendered":"<p data-start=\"536\" data-end=\"848\"><strong data-start=\"536\" data-end=\"554\">Hunter de FAAN<\/strong> est une eau de parfum masculine pens\u00e9e pour l\u2019homme moderne qui incarne confiance, audace et charisme. Ce parfum aromatique \u00e9pic\u00e9 mariant fra\u00eecheur fruit\u00e9e, profondeur aromatique et chaleur bois\u00e9e cr\u00e9e une exp\u00e9rience olfactive sophistiqu\u00e9e et polyvalente.<\/p>\n<p data-start=\"850\" data-end=\"1085\">L\u2019ouverture s\u2019ouvre sur une <strong data-start=\"878\" data-end=\"909\">vibration \u00e9pic\u00e9e et fruit\u00e9e<\/strong> gr\u00e2ce au <strong data-start=\"919\" data-end=\"935\">pamplemousse<\/strong> et \u00e0 <strong data-start=\"941\" data-end=\"962\">l\u2019orange sanguine<\/strong>, apportant une sensation fra\u00eeche, dynamique et lumineuse d\u00e8s les premi\u00e8res secondes.<\/p>\n<p data-start=\"1087\" data-end=\"1320\">Le c\u0153ur r\u00e9v\u00e8le une signature plus profonde et sophistiqu\u00e9e, o\u00f9 <strong data-start=\"1150\" data-end=\"1170\">sauge aromatique<\/strong>, <strong data-start=\"1172\" data-end=\"1186\">tonka bean<\/strong> et <strong data-start=\"1190\" data-end=\"1205\">cuir subtil<\/strong>s\u2019entrelacent pour offrir une richesse aromatique chaleureuse et captivante.<\/p>\n<p data-start=\"1322\" data-end=\"1598\">Enfin, la base se pose sur une <strong data-start=\"1353\" data-end=\"1386\">structure bois\u00e9e et sensuelle<\/strong> gr\u00e2ce au <strong data-start=\"1396\" data-end=\"1415\">v\u00e9tiver \u00e9l\u00e9gant<\/strong>, \u00e0 l\u2019<strong data-start=\"1421\" data-end=\"1436\">ambre chaud<\/strong> et au <strong data-start=\"1443\" data-end=\"1457\">musc suave<\/strong>, cr\u00e9ant un sillage durable qui accompagne l\u2019homme tout au long de sa journ\u00e9e ou soir\u00e9e avec assurance.<\/p>\n<p data-start=\"1600\" data-end=\"1807\">Polyvalent et moderne, <strong data-start=\"1623\" data-end=\"1647\">Parfum Hunter \u2013 FAAN<\/strong> s\u2019adapte \u00e0 toutes les occasions \u2014 du quotidien aux moments sp\u00e9ciaux \u2014 tout en affirmant une pr\u00e9sence olfactive m\u00e9morable.<\/p>\n<h3 data-start=\"1814\" data-end=\"1841\">\ud83d\udd25 <strong data-start=\"1821\" data-end=\"1841\">Notes olfactives<\/strong><\/h3>\n<ul data-start=\"1843\" data-end=\"2101\">\n<li data-start=\"1843\" data-end=\"1934\">\n<p data-start=\"1845\" data-end=\"1934\"><strong data-start=\"1845\" data-end=\"1864\">Notes de t\u00eate :<\/strong> Pamplemousse, Orange sanguine<\/p>\n<\/li>\n<li data-start=\"1935\" data-end=\"2020\">\n<p data-start=\"1937\" data-end=\"2020\"><strong data-start=\"1937\" data-end=\"1956\">Notes de c\u0153ur :<\/strong> Sauge, F\u00e8ve Tonka, Cuir<\/p>\n<\/li>\n<li data-start=\"2021\" data-end=\"2101\">\n<p data-start=\"2023\" data-end=\"2101\"><strong data-start=\"2023\" data-end=\"2042\">Notes de fond :<\/strong> V\u00e9tiver, Ambre, Musc<\/p>\n<\/li>\n<\/ul>","protected":false},"excerpt":{"rendered":"<p><strong data-start=\"186\" data-end=\"203\">Hunter \u2013 FAAN<\/strong> est un parfum masculin aromatique \u00e9pic\u00e9 audacieux alliant fra\u00eecheur d\u2019agrumes \u00e0 un c\u0153ur intense de sauge, tonka et cuir, reposant sur une base bois\u00e9e sensuelle de v\u00e9tiver, ambre et musc. Une fragrance \u00e9l\u00e9gante, moderne et versatile pour hommes confiants.<\/p>","protected":false},"featured_media":5576,"comment_status":"open","ping_status":"closed","template":"","meta":{"_acf_changed":false,"content-type":""},"product_brand":[],"product_cat":[78,114],"product_tag":[],"class_list":{"0":"post-5567","1":"product","2":"type-product","3":"status-publish","4":"has-post-thumbnail","6":"product_cat-parfums","7":"product_cat-for-men","9":"first","10":"instock","11":"shipping-taxable","12":"purchasable","13":"product-type-simple"},"acf":[],"jetpack_sharing_enabled":true,"_links":{"self":[{"href":"https:\/\/saffir.ma\/fr\/wp-json\/wp\/v2\/product\/5567","targetHints":{"allow":["GET"]}}],"collection":[{"href":"https:\/\/saffir.ma\/fr\/wp-json\/wp\/v2\/product"}],"about":[{"href":"https:\/\/saffir.ma\/fr\/wp-json\/wp\/v2\/types\/product"}],"replies":[{"embeddable":true,"href":"https:\/\/saffir.ma\/fr\/wp-json\/wp\/v2\/comments?post=5567"}],"wp:featuredmedia":[{"embeddable":true,"href":"https:\/\/saffir.ma\/fr\/wp-json\/wp\/v2\/media\/5576"}],"wp:attachment":[{"href":"https:\/\/saffir.ma\/fr\/wp-json\/wp\/v2\/media?parent=5567"}],"wp:term":[{"taxonomy":"product_brand","embeddable":true,"href":"https:\/\/saffir.ma\/fr\/wp-json\/wp\/v2\/product_brand?post=5567"},{"taxonomy":"product_cat","embeddable":true,"href":"https:\/\/saffir.ma\/fr\/wp-json\/wp\/v2\/product_cat?post=5567"},{"taxonomy":"product_tag","embeddable":true,"href":"https:\/\/saffir.ma\/fr\/wp-json\/wp\/v2\/product_tag?post=5567"}],"curies":[{"name":"wp","href":"https:\/\/api.w.org\/{rel}","templated":true}]}}