{"id":5612,"date":"2026-02-08T00:24:30","date_gmt":"2026-02-08T00:24:30","guid":{"rendered":"https:\/\/saffir.ma\/?post_type=product&#038;p=5612"},"modified":"2026-02-08T01:53:23","modified_gmt":"2026-02-08T01:53:23","slug":"parfum-lumiere-110-ml-maison-asrar","status":"publish","type":"product","link":"https:\/\/saffir.ma\/fr\/produit\/parfum-lumiere-110-ml-maison-asrar\/","title":{"rendered":"Parfum Lumiere \u2013 Maison Asrar"},"content":{"rendered":"<h3 data-start=\"472\" data-end=\"503\"><strong data-start=\"478\" data-end=\"503\">Description d\u00e9taill\u00e9e<\/strong><\/h3>\n<p data-start=\"505\" data-end=\"847\"><strong data-start=\"505\" data-end=\"532\">Lumiere de Maison Asrar<\/strong> est une fragrance unisexe con\u00e7ue pour illuminer votre pr\u00e9sence avec une composition lumineuse, vibrante et \u00e9quilibr\u00e9e. Cette eau de parfum offre une exp\u00e9rience olfactive qui passe ais\u00e9ment de la journ\u00e9e \u00e0 la soir\u00e9e, tout en captivant par sa personnalit\u00e9 \u00e9l\u00e9gante et versatile.<\/p>\n<p data-start=\"849\" data-end=\"1060\">La fragrance s\u2019ouvre sur une <strong data-start=\"878\" data-end=\"912\">explosion fra\u00eeche et lumineuse<\/strong> de <strong data-start=\"916\" data-end=\"929\">bergamote<\/strong> et de <strong data-start=\"936\" data-end=\"952\">notes vertes<\/strong>, cr\u00e9ant une premi\u00e8re impression vive, rayonnante et pleine d\u2019\u00e9nergie.<\/p>\n<p data-start=\"1062\" data-end=\"1306\">Au c\u0153ur, <strong data-start=\"1071\" data-end=\"1082\">Lumiere<\/strong> r\u00e9v\u00e8le une combinaison <strong data-start=\"1106\" data-end=\"1128\">fruit\u00e9e et juteuse<\/strong> de <strong data-start=\"1132\" data-end=\"1141\">melon<\/strong> et <strong data-start=\"1145\" data-end=\"1155\">ananas<\/strong>, accompagn\u00e9e d\u2019un <strong data-start=\"1174\" data-end=\"1193\">accord gourmand<\/strong>d\u00e9licat qui ajoute de la profondeur et de la gourmandise \u00e0 la composition.<\/p>\n<p data-start=\"1308\" data-end=\"1516\">La base se pose sur des <strong data-start=\"1332\" data-end=\"1359\">notes bois\u00e9es \u00e9l\u00e9gantes<\/strong>, associ\u00e9es \u00e0 la <strong data-start=\"1376\" data-end=\"1393\">vanille douce<\/strong> et au <strong data-start=\"1400\" data-end=\"1422\">musc blanc sensuel<\/strong>, offrant une finition raffin\u00e9e, chaleureuse et durable.<\/p>\n<p data-start=\"1518\" data-end=\"1783\">Cette fragrance se distingue par son <strong data-start=\"1555\" data-end=\"1633\">\u00e9quilibre harmonieux entre fra\u00eecheur, douceur fruit\u00e9e et profondeur bois\u00e9e<\/strong>, ce qui en fait une option parfaite pour ceux qui recherchent une signature olfactive lumineuse et polyvalente.<\/p>\n<h3 data-start=\"1790\" data-end=\"1817\">\ud83d\udd25 <strong data-start=\"1797\" data-end=\"1817\">Notes olfactives<\/strong><\/h3>\n<ul data-start=\"1819\" data-end=\"2083\">\n<li data-start=\"1819\" data-end=\"1904\">\n<p data-start=\"1821\" data-end=\"1904\"><strong data-start=\"1821\" data-end=\"1840\">Notes de t\u00eate :<\/strong> Bergamote, Notes vertes<\/p>\n<\/li>\n<li data-start=\"1905\" data-end=\"1997\">\n<p data-start=\"1907\" data-end=\"1997\"><strong data-start=\"1907\" data-end=\"1926\">Notes de c\u0153ur :<\/strong> Melon, Ananas, Accord gourmand<\/p>\n<\/li>\n<li data-start=\"1998\" data-end=\"2083\">\n<p data-start=\"2000\" data-end=\"2083\"><strong data-start=\"2000\" data-end=\"2019\">Notes de fond :<\/strong> Bois, Vanille, Musc blanc<\/p>\n<\/li>\n<\/ul>","protected":false},"excerpt":{"rendered":"<p><strong data-start=\"182\" data-end=\"208\">Lumiere \u2013 Maison Asrar<\/strong> est une eau de parfum unisexe fruit\u00e9e, bois\u00e9e et gourmande, m\u00ealant fra\u00eecheur d\u2019agrumes et notes vertes \u00e0 un c\u0153ur fruit\u00e9 juteux et un fond sensuel de vanille et musc blanc \u2014 une fragrance lumineuse, moderne et \u00e9l\u00e9gante.<\/p>","protected":false},"featured_media":5621,"comment_status":"open","ping_status":"closed","template":"","meta":{"_acf_changed":false,"content-type":""},"product_brand":[],"product_cat":[78,116],"product_tag":[],"class_list":{"0":"post-5612","1":"product","2":"type-product","3":"status-publish","4":"has-post-thumbnail","6":"product_cat-parfums","7":"product_cat-unisex","9":"first","10":"instock","11":"sale","12":"shipping-taxable","13":"purchasable","14":"product-type-simple"},"acf":[],"jetpack_sharing_enabled":true,"_links":{"self":[{"href":"https:\/\/saffir.ma\/fr\/wp-json\/wp\/v2\/product\/5612","targetHints":{"allow":["GET"]}}],"collection":[{"href":"https:\/\/saffir.ma\/fr\/wp-json\/wp\/v2\/product"}],"about":[{"href":"https:\/\/saffir.ma\/fr\/wp-json\/wp\/v2\/types\/product"}],"replies":[{"embeddable":true,"href":"https:\/\/saffir.ma\/fr\/wp-json\/wp\/v2\/comments?post=5612"}],"wp:featuredmedia":[{"embeddable":true,"href":"https:\/\/saffir.ma\/fr\/wp-json\/wp\/v2\/media\/5621"}],"wp:attachment":[{"href":"https:\/\/saffir.ma\/fr\/wp-json\/wp\/v2\/media?parent=5612"}],"wp:term":[{"taxonomy":"product_brand","embeddable":true,"href":"https:\/\/saffir.ma\/fr\/wp-json\/wp\/v2\/product_brand?post=5612"},{"taxonomy":"product_cat","embeddable":true,"href":"https:\/\/saffir.ma\/fr\/wp-json\/wp\/v2\/product_cat?post=5612"},{"taxonomy":"product_tag","embeddable":true,"href":"https:\/\/saffir.ma\/fr\/wp-json\/wp\/v2\/product_tag?post=5612"}],"curies":[{"name":"wp","href":"https:\/\/api.w.org\/{rel}","templated":true}]}}