{"id":5613,"date":"2026-02-08T00:27:21","date_gmt":"2026-02-08T00:27:21","guid":{"rendered":"https:\/\/saffir.ma\/?post_type=product&#038;p=5613"},"modified":"2026-03-25T21:29:40","modified_gmt":"2026-03-25T21:29:40","slug":"parfum-hunter-100-ml-maison-asrar","status":"publish","type":"product","link":"https:\/\/saffir.ma\/fr\/produit\/parfum-hunter-100-ml-maison-asrar\/","title":{"rendered":"Parfum Hunter \u2013 Maison Asrar"},"content":{"rendered":"<p data-start=\"676\" data-end=\"1115\"><strong data-start=\"676\" data-end=\"702\">Hunter de Maison Asrar<\/strong> est une eau de parfum masculine pens\u00e9e pour l\u2019homme moderne, audacieux et charismatique, qui souhaite une signature olfactive forte et raffin\u00e9e. Cette fragrance oriental foug\u00e8re se distingue par son \u00e9quilibre entre fra\u00eecheur vive, profondeur bois\u00e9e et douceur gourmande \u2014 id\u00e9ale pour les soir\u00e9es, les occasions sp\u00e9ciales ou simplement pour affirmer son style avec assurance.<\/p>\n<p data-start=\"1117\" data-end=\"1502\">D\u00e8s les premi\u00e8res vaporisations, <strong data-start=\"1150\" data-end=\"1160\">Hunter<\/strong> s\u2019ouvre sur une <strong data-start=\"1177\" data-end=\"1220\">explosion \u00e9nerg\u00e9tique de notes fra\u00eeches<\/strong> compos\u00e9es de <strong data-start=\"1234\" data-end=\"1257\">bergamote \u00e9clatante<\/strong>, <strong data-start=\"1259\" data-end=\"1277\">citron vibrant<\/strong>, <strong data-start=\"1279\" data-end=\"1301\">lavande aromatique<\/strong>, accompagn\u00e9 d\u2019une touche fruit\u00e9e exotique d\u2019<strong data-start=\"1346\" data-end=\"1356\">ananas<\/strong> et de r\u00e9sine d\u2019<strong data-start=\"1372\" data-end=\"1381\">\u00e9l\u00e9mi<\/strong>. Cette ouverture dynamique attire l\u2019attention tout en restant \u00e9l\u00e9gante et moderne.<\/p>\n<p data-start=\"1504\" data-end=\"1762\">Le c\u0153ur r\u00e9v\u00e8le des <strong data-start=\"1523\" data-end=\"1556\">accords bois\u00e9s et aromatiques<\/strong> compos\u00e9s de <strong data-start=\"1569\" data-end=\"1584\">c\u00e8dre noble<\/strong>, <strong data-start=\"1586\" data-end=\"1607\">patchouli profond<\/strong>, <strong data-start=\"1609\" data-end=\"1629\">g\u00e9ranium raffin\u00e9<\/strong> et <strong data-start=\"1633\" data-end=\"1651\">muguet d\u00e9licat<\/strong>, offrant une structure \u00e9l\u00e9gante, \u00e9quilibr\u00e9e et masculine \u00e0 la fragrance.<\/p>\n<p data-start=\"1764\" data-end=\"2110\">En fond, <strong data-start=\"1773\" data-end=\"1783\">Hunter<\/strong> s\u2019installe sur une <strong data-start=\"1803\" data-end=\"1834\">base gourmande et sensuelle<\/strong> o\u00f9 la <strong data-start=\"1841\" data-end=\"1861\">vanille cr\u00e9meuse<\/strong>, le <strong data-start=\"1866\" data-end=\"1886\">caramel onctueux<\/strong>, la <strong data-start=\"1891\" data-end=\"1917\">f\u00e8ve tonka chaleureuse<\/strong> et le <strong data-start=\"1924\" data-end=\"1944\">musc enveloppant<\/strong> cr\u00e9ent un sillage riche, s\u00e9duisant et durable. Cette combinaison offre une pr\u00e9sence olfactive m\u00e9morable qui marque les esprits.<\/p>\n<p data-start=\"2112\" data-end=\"2380\"><strong data-start=\"2112\" data-end=\"2137\">Hunter \u2013 Maison Asrar<\/strong> est une fragrance polyvalente et puissante, parfaite pour l\u2019homme qui souhaite exprimer <strong data-start=\"2226\" data-end=\"2267\">confiance, \u00e9l\u00e9gance et sophistication<\/strong>, tout en profitant d\u2019une exp\u00e9rience olfactive s\u00e9duisante et contemporaine.<\/p>\n<h3 data-start=\"2387\" data-end=\"2414\">\ud83d\udd25 <strong data-start=\"2394\" data-end=\"2414\">Notes olfactives<\/strong><\/h3>\n<ul data-start=\"2416\" data-end=\"2711\">\n<li data-start=\"2416\" data-end=\"2519\">\n<p data-start=\"2418\" data-end=\"2519\"><strong data-start=\"2418\" data-end=\"2437\">Notes de t\u00eate :<\/strong> Bergamote, \u00c9l\u00e9mi, Lavande, Citron, Ananas<\/p>\n<\/li>\n<li data-start=\"2520\" data-end=\"2616\">\n<p data-start=\"2522\" data-end=\"2616\"><strong data-start=\"2522\" data-end=\"2541\">Notes de c\u0153ur :<\/strong> C\u00e8dre, Patchouli, G\u00e9ranium, Muguet<\/p>\n<\/li>\n<li data-start=\"2617\" data-end=\"2711\">\n<p data-start=\"2619\" data-end=\"2711\"><strong data-start=\"2619\" data-end=\"2638\">Notes de fond :<\/strong> Caramel, Vanille, F\u00e8ve tonka, Musc<\/p>\n<\/li>\n<\/ul>","protected":false},"excerpt":{"rendered":"<p><strong data-start=\"303\" data-end=\"335\">Hunter 100 ml \u2013 Maison Asrar<\/strong> est une eau de parfum masculine oriental foug\u00e8re sophistiqu\u00e9e, m\u00ealant <strong data-start=\"406\" data-end=\"446\">notes fra\u00eeches d\u2019agrumes et fruit\u00e9es<\/strong> \u00e0 un c\u0153ur bois\u00e9 intense et une <strong data-start=\"478\" data-end=\"506\">base gourmande sensuelle<\/strong>. Une fragrance moderne, puissante et \u00e9l\u00e9gante pour l\u2019homme confiant \u00e0 la pr\u00e9sence affirm\u00e9e.<\/p>","protected":false},"featured_media":5620,"comment_status":"open","ping_status":"closed","template":"","meta":{"_acf_changed":false,"content-type":""},"product_brand":[],"product_cat":[78,114],"product_tag":[],"class_list":{"0":"post-5613","1":"product","2":"type-product","3":"status-publish","4":"has-post-thumbnail","6":"product_cat-parfums","7":"product_cat-for-men","9":"first","10":"instock","11":"sale","12":"shipping-taxable","13":"purchasable","14":"product-type-simple"},"acf":[],"jetpack_sharing_enabled":true,"_links":{"self":[{"href":"https:\/\/saffir.ma\/fr\/wp-json\/wp\/v2\/product\/5613","targetHints":{"allow":["GET"]}}],"collection":[{"href":"https:\/\/saffir.ma\/fr\/wp-json\/wp\/v2\/product"}],"about":[{"href":"https:\/\/saffir.ma\/fr\/wp-json\/wp\/v2\/types\/product"}],"replies":[{"embeddable":true,"href":"https:\/\/saffir.ma\/fr\/wp-json\/wp\/v2\/comments?post=5613"}],"wp:featuredmedia":[{"embeddable":true,"href":"https:\/\/saffir.ma\/fr\/wp-json\/wp\/v2\/media\/5620"}],"wp:attachment":[{"href":"https:\/\/saffir.ma\/fr\/wp-json\/wp\/v2\/media?parent=5613"}],"wp:term":[{"taxonomy":"product_brand","embeddable":true,"href":"https:\/\/saffir.ma\/fr\/wp-json\/wp\/v2\/product_brand?post=5613"},{"taxonomy":"product_cat","embeddable":true,"href":"https:\/\/saffir.ma\/fr\/wp-json\/wp\/v2\/product_cat?post=5613"},{"taxonomy":"product_tag","embeddable":true,"href":"https:\/\/saffir.ma\/fr\/wp-json\/wp\/v2\/product_tag?post=5613"}],"curies":[{"name":"wp","href":"https:\/\/api.w.org\/{rel}","templated":true}]}}