{"id":5614,"date":"2026-02-08T00:30:21","date_gmt":"2026-02-08T00:30:21","guid":{"rendered":"https:\/\/saffir.ma\/?post_type=product&#038;p=5614"},"modified":"2026-02-08T01:52:16","modified_gmt":"2026-02-08T01:52:16","slug":"parfum-rey-100-ml-maison-asrar","status":"publish","type":"product","link":"https:\/\/saffir.ma\/fr\/produit\/parfum-rey-100-ml-maison-asrar\/","title":{"rendered":"Parfum Rey  \u2013 Maison Asrar"},"content":{"rendered":"<div class=\"relative basis-auto flex-col -mb-(--composer-overlap-px) [--composer-overlap-px:28px] grow flex\">\n<div class=\"flex flex-col text-sm pb-25\">\n<article class=\"text-token-text-primary w-full focus:outline-none [--shadow-height:45px] has-data-writing-block:pointer-events-none has-data-writing-block:-mt-(--shadow-height) has-data-writing-block:pt-(--shadow-height) [&amp;:has([data-writing-block])&gt;*]:pointer-events-auto scroll-mt-[calc(var(--header-height)+min(200px,max(70px,20svh)))]\" dir=\"auto\" tabindex=\"-1\" data-turn-id=\"request-697e3b5b-a808-8332-bf60-eaacbfb8405e-3\" data-testid=\"conversation-turn-62\" data-scroll-anchor=\"true\" data-turn=\"assistant\">\n<div class=\"text-base my-auto mx-auto pb-10 [--thread-content-margin:--spacing(4)] @w-sm\/main:[--thread-content-margin:--spacing(6)] @w-lg\/main:[--thread-content-margin:--spacing(16)] px-(--thread-content-margin)\">\n<div class=\"[--thread-content-max-width:40rem] @w-lg\/main:[--thread-content-max-width:48rem] mx-auto max-w-(--thread-content-max-width) flex-1 group\/turn-messages focus-visible:outline-hidden relative flex w-full min-w-0 flex-col agent-turn\" tabindex=\"-1\">\n<div class=\"flex max-w-full flex-col grow\">\n<div class=\"min-h-8 text-message relative flex w-full flex-col items-end gap-2 text-start break-words whitespace-normal [.text-message+&amp;]:mt-1\" dir=\"auto\" data-message-author-role=\"assistant\" data-message-id=\"1a44acb9-8bc5-4994-bbef-50422514fdd0\" data-message-model-slug=\"gpt-5-2\">\n<div class=\"flex w-full flex-col gap-1 empty:hidden first:pt-[1px]\">\n<div class=\"markdown prose dark:prose-invert w-full wrap-break-word light markdown-new-styling\">\n<p data-start=\"305\" data-end=\"620\"><strong data-start=\"305\" data-end=\"334\">Rey 100 ml \u2013 Maison Asrar<\/strong> est une eau de parfum masculine unisexe <strong data-start=\"375\" data-end=\"404\">orientale foug\u00e8re moderne<\/strong>, alliant <strong data-start=\"414\" data-end=\"437\">fra\u00eecheur d\u2019agrumes<\/strong>, <strong data-start=\"439\" data-end=\"468\">notes aromatiques \u00e9pic\u00e9es<\/strong> et <strong data-start=\"472\" data-end=\"501\">fond ambr\u00e9-vanill\u00e9 musqu\u00e9<\/strong>. Une fragrance \u00e9l\u00e9gante, sophistiqu\u00e9e et polyvalente pour une pr\u00e9sence affirm\u00e9e.<\/p>\n<hr data-start=\"622\" data-end=\"625\" \/>\n<h3 data-start=\"627\" data-end=\"658\">\u2728 <strong data-start=\"633\" data-end=\"658\">Description d\u00e9taill\u00e9e<\/strong><\/h3>\n<p data-start=\"660\" data-end=\"949\"><strong data-start=\"660\" data-end=\"683\">Rey de Maison Asrar<\/strong> est une fragrance captivante qui allie modernit\u00e9, \u00e9l\u00e9gance et caract\u00e8re. Inspir\u00e9 par l\u2019esprit des grands parfums contemporains, ce parfum est con\u00e7u pour ceux qui souhaitent afficher une identit\u00e9 olfactive raffin\u00e9e et marquante.<\/p>\n<p data-start=\"951\" data-end=\"1256\">L\u2019ouverture s\u2019illumine avec une <strong data-start=\"983\" data-end=\"1007\">fra\u00eecheur p\u00e9tillante<\/strong> d\u2019<strong data-start=\"1010\" data-end=\"1030\">agrumes vibrants<\/strong>, o\u00f9 la bergamote et le pamplemousse apportent une touche lumineuse et \u00e9nergique. Le <strong data-start=\"1115\" data-end=\"1138\">g\u00e9ranium aromatique<\/strong> enrichit cette entr\u00e9e en donnant une dimension florale subtile et sophistiqu\u00e9e.<\/p>\n<p data-start=\"1258\" data-end=\"1540\">Au c\u0153ur, la fragrance r\u00e9v\u00e8le un <strong data-start=\"1290\" data-end=\"1317\">accord aromatique riche<\/strong> m\u00ealant des <strong data-start=\"1329\" data-end=\"1360\">notes aromatiques herbac\u00e9es<\/strong>, du <strong data-start=\"1365\" data-end=\"1388\">poivre noir piquant<\/strong> et la douceur enveloppante de la <strong data-start=\"1422\" data-end=\"1436\">f\u00e8ve tonka<\/strong>, qui apportent chaleur, profondeur et modernit\u00e9 \u00e0 la composition.<\/p>\n<p data-start=\"1542\" data-end=\"1789\">La base est r\u00e9solument sensuelle, fusionnant <strong data-start=\"1587\" data-end=\"1600\">musc doux<\/strong>, <strong data-start=\"1602\" data-end=\"1624\">ambre gris \u00e9l\u00e9gant<\/strong> et <strong data-start=\"1628\" data-end=\"1648\">vanille cr\u00e9meuse<\/strong> pour une signature chaleureuse et durable qui enveloppe la peau d\u2019un sillage sophistiqu\u00e9 et s\u00e9duisant.<\/p>\n<p data-start=\"1791\" data-end=\"2025\"><strong data-start=\"1791\" data-end=\"1813\">Rey \u2013 Maison Asrar<\/strong> est un parfum polyvalent adapt\u00e9 \u00e0 de nombreuses occasions, parfait pour l\u2019homme moderne ou toute personne qui souhaite une fragrance \u00e9l\u00e9gante, charismatique et intemporelle.<\/p>\n<h3 data-start=\"2032\" data-end=\"2059\">\ud83d\udd25 <strong data-start=\"2039\" data-end=\"2059\">Notes olfactives<\/strong><\/h3>\n<ul data-start=\"2061\" data-end=\"2341\">\n<li data-start=\"2061\" data-end=\"2156\">\n<p data-start=\"2063\" data-end=\"2156\"><strong data-start=\"2063\" data-end=\"2082\">Notes de t\u00eate :<\/strong> Bergamote, Pamplemousse, G\u00e9ranium<\/p>\n<\/li>\n<li data-start=\"2157\" data-end=\"2255\">\n<p data-start=\"2159\" data-end=\"2255\"><strong data-start=\"2159\" data-end=\"2178\">Notes de c\u0153ur :<\/strong> F\u00e8ve tonka, Aromatiques, Poivre noir<\/p>\n<\/li>\n<li data-start=\"2256\" data-end=\"2341\">\n<p data-start=\"2258\" data-end=\"2341\"><strong data-start=\"2258\" data-end=\"2277\">Notes de fond :<\/strong> Musc, Ambre gris, Vanille<\/p>\n<\/li>\n<\/ul>\n<\/div>\n<\/div>\n<\/div>\n<\/div>\n<\/div>\n<\/div>\n<\/article>\n<\/div>\n<div class=\"pointer-events-none h-px w-px absolute bottom-0\" aria-hidden=\"true\" data-edge=\"true\"><\/div>\n<\/div>\n<div id=\"thread-bottom-container\" class=\"sticky bottom-0 group\/thread-bottom-container relative isolate z-10 w-full basis-auto has-data-has-thread-error:pt-2 has-data-has-thread-error:[box-shadow:var(--sharp-edge-bottom-shadow)] md:border-transparent md:pt-0 dark:border-white\/20 md:dark:border-transparent print:hidden content-fade single-line flex flex-col\">\n<div class=\"relative h-0\">\n<div><\/div>\n<\/div>\n<div id=\"thread-bottom\">\n<div class=\"text-base mx-auto [--thread-content-margin:--spacing(4)] @w-sm\/main:[--thread-content-margin:--spacing(6)] @w-lg\/main:[--thread-content-margin:--spacing(16)] px-(--thread-content-margin)\">\n<div class=\"[--thread-content-max-width:40rem] @w-lg\/main:[--thread-content-max-width:48rem] mx-auto max-w-(--thread-content-max-width) flex-1 mb-4\">\n<div class=\"flex justify-center empty:hidden\"><\/div>\n<div class=\"pointer-events-auto relative z-1 flex h-(--composer-container-height,100%) max-w-full flex-(--composer-container-flex,1) flex-col\">\n<div class=\"absolute start-0 end-0 bottom-full z-20\"><\/div>\n<form class=\"group\/composer w-full\" data-type=\"unified-composer\" action=\"\">\n<div class=\"hidden\"><input tabindex=\"-1\" multiple=\"multiple\" type=\"file\" \/><\/div>\n<div class=\"\">\n<div class=\"bg-token-bg-primary corner-superellipse\/1.1 cursor-text overflow-clip bg-clip-padding p-2.5 contain-inline-size motion-safe:transition-colors motion-safe:duration-200 motion-safe:ease-in-out dark:bg-[#303030] grid grid-cols-[auto_1fr_auto] [grid-template-areas:'header_header_header'_'leading_primary_trailing'_'._footer_.'] group-data-expanded\/composer:[grid-template-areas:'header_header_header'_'primary_primary_primary'_'leading_footer_trailing'] shadow-short\" data-composer-surface=\"true\">\n<div class=\"-my-2.5 flex min-h-14 items-center overflow-x-hidden px-1.5 [grid-area:primary] group-data-expanded\/composer:mb-0 group-data-expanded\/composer:px-2.5\">\n<div class=\"wcDTda_prosemirror-parent text-token-text-primary max-h-[max(30svh,5rem)] max-h-52 min-h-[var(--deep-research-composer-extra-height,unset)] flex-1 overflow-auto [scrollbar-width:thin] default-browser vertical-scroll-fade-mask\">\n<p><textarea class=\"wcDTda_fallbackTextarea\" name=\"prompt-textarea\" placeholder=\"Poser une question\" data-virtualkeyboard=\"true\"><\/textarea><\/p>\n<div id=\"prompt-textarea\" class=\"ProseMirror\" contenteditable=\"true\" translate=\"no\" data-virtualkeyboard=\"true\"><\/div>\n<\/div>\n<\/div>\n<div class=\"[grid-area:leading]\"><\/div>\n<div class=\"flex items-center gap-2 [grid-area:trailing]\">\n<div class=\"ms-auto flex items-center gap-1.5\">\n<p>&nbsp;<\/p>\n<div>\n<div>\n<div class=\"relative\"><\/div>\n<\/div>\n<\/div>\n<\/div>\n<\/div>\n<\/div>\n<\/div>\n<input type=\"hidden\" name=\"trp-form-language\" value=\"fr\"\/><\/form>\n<\/div>\n<\/div>\n<\/div>\n<\/div>\n<\/div>","protected":false},"excerpt":{"rendered":"<p>Rey 100 ml \u2013 Maison Asrar est une eau de parfum masculine unisexe orientale foug\u00e8re moderne, alliant fra\u00eecheur d\u2019agrumes, notes aromatiques \u00e9pic\u00e9es et fond ambr\u00e9-vanill\u00e9 musqu\u00e9. Une fragrance \u00e9l\u00e9gante, sophistiqu\u00e9e et polyvalente pour une pr\u00e9sence affirm\u00e9e. \u2728 Description d\u00e9taill\u00e9e Rey de Maison Asrar est une fragrance captivante qui allie modernit\u00e9, \u00e9l\u00e9gance et caract\u00e8re. Inspir\u00e9 par [&hellip;]<\/p>","protected":false},"featured_media":5619,"comment_status":"open","ping_status":"closed","template":"","meta":{"_acf_changed":false,"content-type":""},"product_brand":[],"product_cat":[78,116],"product_tag":[],"class_list":{"0":"post-5614","1":"product","2":"type-product","3":"status-publish","4":"has-post-thumbnail","6":"product_cat-parfums","7":"product_cat-unisex","9":"first","10":"instock","11":"sale","12":"shipping-taxable","13":"purchasable","14":"product-type-simple"},"acf":[],"jetpack_sharing_enabled":true,"_links":{"self":[{"href":"https:\/\/saffir.ma\/fr\/wp-json\/wp\/v2\/product\/5614","targetHints":{"allow":["GET"]}}],"collection":[{"href":"https:\/\/saffir.ma\/fr\/wp-json\/wp\/v2\/product"}],"about":[{"href":"https:\/\/saffir.ma\/fr\/wp-json\/wp\/v2\/types\/product"}],"replies":[{"embeddable":true,"href":"https:\/\/saffir.ma\/fr\/wp-json\/wp\/v2\/comments?post=5614"}],"wp:featuredmedia":[{"embeddable":true,"href":"https:\/\/saffir.ma\/fr\/wp-json\/wp\/v2\/media\/5619"}],"wp:attachment":[{"href":"https:\/\/saffir.ma\/fr\/wp-json\/wp\/v2\/media?parent=5614"}],"wp:term":[{"taxonomy":"product_brand","embeddable":true,"href":"https:\/\/saffir.ma\/fr\/wp-json\/wp\/v2\/product_brand?post=5614"},{"taxonomy":"product_cat","embeddable":true,"href":"https:\/\/saffir.ma\/fr\/wp-json\/wp\/v2\/product_cat?post=5614"},{"taxonomy":"product_tag","embeddable":true,"href":"https:\/\/saffir.ma\/fr\/wp-json\/wp\/v2\/product_tag?post=5614"}],"curies":[{"name":"wp","href":"https:\/\/api.w.org\/{rel}","templated":true}]}}