{"id":5616,"date":"2026-02-08T00:38:37","date_gmt":"2026-02-08T00:38:37","guid":{"rendered":"https:\/\/saffir.ma\/?post_type=product&#038;p=5616"},"modified":"2026-02-08T01:50:51","modified_gmt":"2026-02-08T01:50:51","slug":"parfum-hunter-100-ml-maison-asrar-2","status":"publish","type":"product","link":"https:\/\/saffir.ma\/fr\/produit\/parfum-hunter-100-ml-maison-asrar-2\/","title":{"rendered":"Parfum Vanilla Voyage  \u2013 Maison Asrar"},"content":{"rendered":"<p data-start=\"711\" data-end=\"1123\"><strong data-start=\"711\" data-end=\"745\">Vanilla Voyage de Maison Asrar<\/strong> est une fragrance orientale vanill\u00e9e pens\u00e9e pour envelopper la peau d\u2019une douceur r\u00e9confortante et gourmande. Inspir\u00e9e par les accords vanill\u00e9s iconiques des parfums de haute parfumerie, cette eau de parfum 100 ml offre une exp\u00e9rience olfactive chaleureuse, addictive et \u00e9l\u00e9gante \u2014 parfaite pour les amateurs de senteurs sucr\u00e9es raffin\u00e9es.<\/p>\n<p data-start=\"1125\" data-end=\"1363\">La composition d\u00e9bute avec une <strong data-start=\"1156\" data-end=\"1185\">ouverture ultra gourmande<\/strong> o\u00f9 les <strong data-start=\"1193\" data-end=\"1223\">notes fondantes de caramel<\/strong> et de <strong data-start=\"1230\" data-end=\"1248\">beurre cr\u00e9meux<\/strong>\u00e9voquent une gourmandise d\u00e9licieuse, rappelant les douceurs sortant du four.<\/p>\n<p data-start=\"1365\" data-end=\"1641\">Au c\u0153ur, la fragrance se fait <strong data-start=\"1395\" data-end=\"1422\">velout\u00e9e et chaleureuse<\/strong> gr\u00e2ce \u00e0 un accord de <strong data-start=\"1444\" data-end=\"1457\">miel dor\u00e9<\/strong>, <strong data-start=\"1459\" data-end=\"1494\">f\u00e8ve tonka aux nuances amand\u00e9es<\/strong> et touches d\u00e9licates de <strong data-start=\"1519\" data-end=\"1536\">jasmin floral<\/strong> \u2014 un m\u00e9lange subtil qui \u00e9quilibre parfaitement la richesse sucr\u00e9e.<\/p>\n<p data-start=\"1643\" data-end=\"1900\">En fond, <strong data-start=\"1652\" data-end=\"1670\">Vanilla Voyage<\/strong> se d\u00e9ploie sur une base <strong data-start=\"1695\" data-end=\"1718\">orientale sensuelle<\/strong> compos\u00e9e de <strong data-start=\"1731\" data-end=\"1751\">vanille cr\u00e9meuse<\/strong>, <strong data-start=\"1753\" data-end=\"1768\">ambre chaud<\/strong> et <strong data-start=\"1772\" data-end=\"1785\">musc doux<\/strong>, offrant un sillage enveloppant, chaleureux et durable qui captive les sens.<\/p>\n<p data-start=\"1902\" data-end=\"2223\">Cette fragrance est id\u00e9ale pour ceux qui aiment les parfums <strong data-start=\"1962\" data-end=\"2001\">gourmands, vanill\u00e9s et enveloppants<\/strong>, particuli\u00e8rement adapt\u00e9s pour les saisons fra\u00eeches (automne et hiver), les soir\u00e9es romantiques ou les moments cocooning o\u00f9 l\u2019on souhaite se sentir bien et irr\u00e9sistiblement s\u00e9duisant.<\/p>\n<h3 data-start=\"2230\" data-end=\"2257\">\ud83d\udd25 <strong data-start=\"2237\" data-end=\"2257\">Notes olfactives<\/strong><\/h3>\n<ul data-start=\"2259\" data-end=\"2507\">\n<li data-start=\"2259\" data-end=\"2336\">\n<p data-start=\"2261\" data-end=\"2336\"><strong data-start=\"2261\" data-end=\"2280\">Notes de t\u00eate :<\/strong> Caramel, Beurre<\/p>\n<\/li>\n<li data-start=\"2337\" data-end=\"2426\">\n<p data-start=\"2339\" data-end=\"2426\"><strong data-start=\"2339\" data-end=\"2358\">Notes de c\u0153ur :<\/strong> Miel, F\u00e8ve de tonka, Jasmin<\/p>\n<\/li>\n<li data-start=\"2427\" data-end=\"2507\">\n<p data-start=\"2429\" data-end=\"2507\"><strong data-start=\"2429\" data-end=\"2448\">Notes de fond :<\/strong> Vanille, Ambre, Musc<\/p>\n<\/li>\n<\/ul>","protected":false},"excerpt":{"rendered":"<p><strong data-start=\"304\" data-end=\"344\">Vanilla Voyage 100 ml \u2013 Maison Asrar<\/strong> est une eau de parfum <strong data-start=\"367\" data-end=\"399\">orientale vanill\u00e9e gourmande<\/strong> pour femme (et unisexe), m\u00ealant <strong data-start=\"432\" data-end=\"470\">notes sucr\u00e9es de caramel et beurre<\/strong>, un <strong data-start=\"475\" data-end=\"507\">c\u0153ur miell\u00e9 floral et amand\u00e9<\/strong>, et une <strong data-start=\"516\" data-end=\"559\">base profonde de vanille, ambre et musc<\/strong>. Une fragrance chaleureuse, r\u00e9confortante et sophistiqu\u00e9e \u00e0 longue tenue.<\/p>","protected":false},"featured_media":5617,"comment_status":"open","ping_status":"closed","template":"","meta":{"_acf_changed":false,"content-type":""},"product_brand":[],"product_cat":[78,115],"product_tag":[],"class_list":{"0":"post-5616","1":"product","2":"type-product","3":"status-publish","4":"has-post-thumbnail","6":"product_cat-parfums","7":"product_cat-for-women","9":"first","10":"instock","11":"sale","12":"shipping-taxable","13":"purchasable","14":"product-type-simple"},"acf":[],"jetpack_sharing_enabled":true,"_links":{"self":[{"href":"https:\/\/saffir.ma\/fr\/wp-json\/wp\/v2\/product\/5616","targetHints":{"allow":["GET"]}}],"collection":[{"href":"https:\/\/saffir.ma\/fr\/wp-json\/wp\/v2\/product"}],"about":[{"href":"https:\/\/saffir.ma\/fr\/wp-json\/wp\/v2\/types\/product"}],"replies":[{"embeddable":true,"href":"https:\/\/saffir.ma\/fr\/wp-json\/wp\/v2\/comments?post=5616"}],"wp:featuredmedia":[{"embeddable":true,"href":"https:\/\/saffir.ma\/fr\/wp-json\/wp\/v2\/media\/5617"}],"wp:attachment":[{"href":"https:\/\/saffir.ma\/fr\/wp-json\/wp\/v2\/media?parent=5616"}],"wp:term":[{"taxonomy":"product_brand","embeddable":true,"href":"https:\/\/saffir.ma\/fr\/wp-json\/wp\/v2\/product_brand?post=5616"},{"taxonomy":"product_cat","embeddable":true,"href":"https:\/\/saffir.ma\/fr\/wp-json\/wp\/v2\/product_cat?post=5616"},{"taxonomy":"product_tag","embeddable":true,"href":"https:\/\/saffir.ma\/fr\/wp-json\/wp\/v2\/product_tag?post=5616"}],"curies":[{"name":"wp","href":"https:\/\/api.w.org\/{rel}","templated":true}]}}