{"id":5712,"date":"2026-02-17T10:32:05","date_gmt":"2026-02-17T10:32:05","guid":{"rendered":"https:\/\/saffir.ma\/?post_type=product&#038;p=5712"},"modified":"2026-02-17T10:48:57","modified_gmt":"2026-02-17T10:48:57","slug":"diffuseur-de-parfum-grapefruit-gulf-orchid","status":"publish","type":"product","link":"https:\/\/saffir.ma\/fr\/produit\/diffuseur-de-parfum-grapefruit-gulf-orchid\/","title":{"rendered":"DIFFUSEUR DE PARFUM GRAPEFRUIT \u2013 GULF ORCHID"},"content":{"rendered":"<div class=\"flex flex-col text-sm pb-25\">\n<article class=\"text-token-text-primary w-full focus:outline-none [--shadow-height:45px] has-data-writing-block:pointer-events-none has-data-writing-block:-mt-(--shadow-height) has-data-writing-block:pt-(--shadow-height) [&amp;:has([data-writing-block])&gt;*]:pointer-events-auto scroll-mt-[calc(var(--header-height)+min(200px,max(70px,20svh)))]\" dir=\"auto\" tabindex=\"-1\" data-turn-id=\"request-697e3b5b-a808-8332-bf60-eaacbfb8405e-7\" data-testid=\"conversation-turn-138\" data-scroll-anchor=\"true\" data-turn=\"assistant\">\n<div class=\"text-base my-auto mx-auto pb-10 [--thread-content-margin:--spacing(4)] @w-sm\/main:[--thread-content-margin:--spacing(6)] @w-lg\/main:[--thread-content-margin:--spacing(16)] px-(--thread-content-margin)\">\n<div class=\"[--thread-content-max-width:40rem] @w-lg\/main:[--thread-content-max-width:48rem] mx-auto max-w-(--thread-content-max-width) flex-1 group\/turn-messages focus-visible:outline-hidden relative flex w-full min-w-0 flex-col agent-turn\" tabindex=\"-1\">\n<div class=\"flex max-w-full flex-col grow\">\n<div class=\"min-h-8 text-message relative flex w-full flex-col items-end gap-2 text-start break-words whitespace-normal [.text-message+&amp;]:mt-1\" dir=\"auto\" data-message-author-role=\"assistant\" data-message-id=\"160888fc-ac6a-4dc5-a625-937d8d8064de\" data-message-model-slug=\"gpt-5-2\">\n<div class=\"flex w-full flex-col gap-1 empty:hidden first:pt-[1px]\">\n<div class=\"markdown prose dark:prose-invert w-full wrap-break-word light markdown-new-styling\">\n<p data-start=\"572\" data-end=\"964\">Le <strong data-start=\"575\" data-end=\"630\">Diffuseur de parfum Grapefruit 110 ml \u2013 Gulf Orchid<\/strong> apporte une touche de fra\u00eecheur dynamique \u00e0 votre int\u00e9rieur gr\u00e2ce \u00e0 sa senteur fruit\u00e9e et tonique de <strong data-start=\"732\" data-end=\"755\">pamplemousse juteux<\/strong>. Con\u00e7u par <strong data-start=\"767\" data-end=\"782\">Gulf Orchid<\/strong>, une marque reconnue pour ses parfums d\u2019ambiance raffin\u00e9s, ce diffuseur utilise des <strong data-start=\"867\" data-end=\"898\">b\u00e2tonnets naturels en rotin<\/strong> pour une diffusion continue et homog\u00e8ne, sans flamme ni chaleur.<\/p>\n<p data-start=\"966\" data-end=\"1194\">Il suffit d\u2019ins\u00e9rer les b\u00e2tonnets dans le flacon pour que la senteur de pamplemousse se r\u00e9pande doucement, emplissant l\u2019air d\u2019une atmosph\u00e8re <strong data-start=\"1107\" data-end=\"1151\">rafra\u00eechissante, \u00e9nergisante et agr\u00e9able<\/strong>. Ce diffuseur de parfum est id\u00e9al pour :<\/p>\n<ul data-start=\"1195\" data-end=\"1435\">\n<li data-start=\"1195\" data-end=\"1255\">\n<p data-start=\"1197\" data-end=\"1255\">Parfumer naturellement le salon, la chambre ou le bureau<\/p>\n<\/li>\n<li data-start=\"1256\" data-end=\"1311\">\n<p data-start=\"1258\" data-end=\"1311\">Cr\u00e9er une ambiance parfum\u00e9e p\u00e9tillante et lumineuse<\/p>\n<\/li>\n<li data-start=\"1312\" data-end=\"1375\">\n<p data-start=\"1314\" data-end=\"1375\">Accueillir des invit\u00e9s avec une senteur fra\u00eeche et d\u00e9licate<\/p>\n<\/li>\n<li data-start=\"1376\" data-end=\"1435\">\n<p data-start=\"1378\" data-end=\"1435\">Ajouter une touche fruit\u00e9e et \u00e9l\u00e9gante \u00e0 votre quotidien<\/p>\n<\/li>\n<\/ul>\n<p data-start=\"1437\" data-end=\"1607\">La diffusion continue assure une senteur agr\u00e9able <strong data-start=\"1487\" data-end=\"1517\">pendant plusieurs semaines<\/strong>, ce qui en fait un choix pratique et \u00e9l\u00e9gant pour parfumer toute pi\u00e8ce de ton int\u00e9rieur.<\/p>\n<h3 data-start=\"1614\" data-end=\"1640\">\ud83d\udd25 <strong data-start=\"1621\" data-end=\"1640\">Profil olfactif<\/strong><\/h3>\n<ul data-start=\"1642\" data-end=\"1890\">\n<li data-start=\"1642\" data-end=\"1698\">\n<p data-start=\"1644\" data-end=\"1698\"><strong data-start=\"1644\" data-end=\"1667\">Notes principales :<\/strong> Pamplemousse frais et juteux<\/p>\n<\/li>\n<li data-start=\"1699\" data-end=\"1745\">\n<p data-start=\"1701\" data-end=\"1745\"><strong data-start=\"1701\" data-end=\"1716\">Caract\u00e8re :<\/strong> Fruit\u00e9 \u2013 Frais \u2013 Vivifiant<\/p>\n<\/li>\n<li data-start=\"1746\" data-end=\"1815\">\n<p data-start=\"1748\" data-end=\"1815\"><strong data-start=\"1748\" data-end=\"1763\">Diffusion :<\/strong> Continue et homog\u00e8ne gr\u00e2ce aux b\u00e2tonnets naturels<\/p>\n<\/li>\n<li data-start=\"1816\" data-end=\"1890\">\n<p data-start=\"1818\" data-end=\"1890\"><strong data-start=\"1818\" data-end=\"1829\">Tenue :<\/strong> Jusqu\u2019\u00e0 environ <strong data-start=\"1846\" data-end=\"1858\">90 jours<\/strong> selon l\u2019usage et l\u2019emplacement<\/p>\n<\/li>\n<\/ul>\n<\/div>\n<\/div>\n<\/div>\n<\/div>\n<\/div>\n<\/div>\n<\/article>\n<\/div>","protected":false},"excerpt":{"rendered":"<p><strong data-start=\"298\" data-end=\"353\">Diffuseur de parfum Grapefruit 110 ml \u2013 Gulf Orchid<\/strong> est un diffuseur d\u2019int\u00e9rieur \u00e0 b\u00e2tonnets qui lib\u00e8re une fragrance fra\u00eeche et p\u00e9tillante de pamplemousse, cr\u00e9ant une ambiance vivifiante, lumineuse et \u00e9l\u00e9gante dans votre maison.<\/p>","protected":false},"featured_media":5718,"comment_status":"open","ping_status":"closed","template":"","meta":{"_acf_changed":false,"content-type":""},"product_brand":[],"product_cat":[161,73],"product_tag":[],"class_list":{"0":"post-5712","1":"product","2":"type-product","3":"status-publish","4":"has-post-thumbnail","6":"product_cat-ambiances","7":"product_cat-encens-ambiances","9":"first","10":"instock","11":"shipping-taxable","12":"purchasable","13":"product-type-simple"},"acf":[],"jetpack_sharing_enabled":true,"_links":{"self":[{"href":"https:\/\/saffir.ma\/fr\/wp-json\/wp\/v2\/product\/5712","targetHints":{"allow":["GET"]}}],"collection":[{"href":"https:\/\/saffir.ma\/fr\/wp-json\/wp\/v2\/product"}],"about":[{"href":"https:\/\/saffir.ma\/fr\/wp-json\/wp\/v2\/types\/product"}],"replies":[{"embeddable":true,"href":"https:\/\/saffir.ma\/fr\/wp-json\/wp\/v2\/comments?post=5712"}],"wp:featuredmedia":[{"embeddable":true,"href":"https:\/\/saffir.ma\/fr\/wp-json\/wp\/v2\/media\/5718"}],"wp:attachment":[{"href":"https:\/\/saffir.ma\/fr\/wp-json\/wp\/v2\/media?parent=5712"}],"wp:term":[{"taxonomy":"product_brand","embeddable":true,"href":"https:\/\/saffir.ma\/fr\/wp-json\/wp\/v2\/product_brand?post=5712"},{"taxonomy":"product_cat","embeddable":true,"href":"https:\/\/saffir.ma\/fr\/wp-json\/wp\/v2\/product_cat?post=5712"},{"taxonomy":"product_tag","embeddable":true,"href":"https:\/\/saffir.ma\/fr\/wp-json\/wp\/v2\/product_tag?post=5712"}],"curies":[{"name":"wp","href":"https:\/\/api.w.org\/{rel}","templated":true}]}}