{"id":5726,"date":"2026-02-21T22:53:44","date_gmt":"2026-02-21T22:53:44","guid":{"rendered":"https:\/\/saffir.ma\/?post_type=product&#038;p=5726"},"modified":"2026-02-21T22:53:44","modified_gmt":"2026-02-21T22:53:44","slug":"extrait-de-parfum-9pm-night-out-afnan","status":"publish","type":"product","link":"https:\/\/saffir.ma\/fr\/produit\/extrait-de-parfum-9pm-night-out-afnan\/","title":{"rendered":"EXTRAIT DE PARFUM 9PM NIGHT OUT \u2013 AFNAN"},"content":{"rendered":"<p data-start=\"557\" data-end=\"908\"><strong data-start=\"557\" data-end=\"583\">\u00a09PM Night Out de Afnan<\/strong> est un extrait de parfum con\u00e7u pour les moments o\u00f9 vous souhaitez <strong data-start=\"650\" data-end=\"701\">affirmer votre pr\u00e9sence avec assurance et style<\/strong>. Pens\u00e9e pour les nuits \u00e9l\u00e9gantes qui marquent les esprits, cette fragrance unisexe se distingue par son ouverture dynamique, son c\u0153ur magn\u00e9tique et son sillage profond.<\/p>\n<p data-start=\"910\" data-end=\"1147\">La fragrance d\u00e9bute sur une <strong data-start=\"938\" data-end=\"971\">ouverture vibrante et fruit\u00e9e<\/strong> o\u00f9 le <strong data-start=\"978\" data-end=\"997\">fruit du dragon<\/strong>, la <strong data-start=\"1002\" data-end=\"1015\">bergamote<\/strong>, le <strong data-start=\"1020\" data-end=\"1030\">cognac<\/strong>, la <strong data-start=\"1035\" data-end=\"1046\">lavande<\/strong> et la <strong data-start=\"1053\" data-end=\"1062\">pomme<\/strong> apportent une \u00e9nergie lumineuse et captivante.<\/p>\n<p data-start=\"1149\" data-end=\"1406\">Au c\u0153ur, des notes \u00e9pic\u00e9es et riches de <strong data-start=\"1189\" data-end=\"1202\">cardamome<\/strong>, <strong data-start=\"1204\" data-end=\"1213\">sued\u00e9<\/strong>, <strong data-start=\"1215\" data-end=\"1235\">caramel (toffee)<\/strong>, <strong data-start=\"1237\" data-end=\"1247\">c\u00e9drat<\/strong> et <strong data-start=\"1251\" data-end=\"1263\">mahonial<\/strong> d\u00e9veloppent une <strong data-start=\"1280\" data-end=\"1326\">chaleur moderne, sensuelle et sophistiqu\u00e9e<\/strong>, parfaite pour les soir\u00e9es et \u00e9v\u00e9nements.<\/p>\n<p data-start=\"1408\" data-end=\"1615\">En fond, une base profonde de <strong data-start=\"1438\" data-end=\"1452\">f\u00e8ve tonka<\/strong>, <strong data-start=\"1454\" data-end=\"1469\">Akigalawood<\/strong>, <strong data-start=\"1471\" data-end=\"1484\">Ambrofix\u2122<\/strong> et <strong data-start=\"1488\" data-end=\"1501\">patchouli<\/strong> donne \u00e0 la fragrance une <strong data-start=\"1527\" data-end=\"1555\">profondeur bois\u00e9e ambr\u00e9e<\/strong>, durable et \u00e9l\u00e9gante.<\/p>\n<p data-start=\"1617\" data-end=\"1809\">Bold et raffin\u00e9e, <strong data-start=\"1635\" data-end=\"1652\">9PM Night Out<\/strong> exprime la confiance, le charisme et une \u00e9l\u00e9gance contemporaine \u2014 une signature olfactive moderne qui parle sans mots.<\/p>\n<h3 data-start=\"1816\" data-end=\"1843\">\ud83d\udd25 <strong data-start=\"1823\" data-end=\"1843\">Notes olfactives<\/strong><\/h3>\n<ul data-start=\"1845\" data-end=\"2167\">\n<li data-start=\"1845\" data-end=\"1957\">\n<p data-start=\"1847\" data-end=\"1957\"><strong data-start=\"1847\" data-end=\"1866\">Notes de t\u00eate :<\/strong> Fruit du dragon, Bergamote, Cognac, Lavande, Pomme<\/p>\n<\/li>\n<li data-start=\"1958\" data-end=\"2061\">\n<p data-start=\"1960\" data-end=\"2061\"><strong data-start=\"1960\" data-end=\"1979\">Notes de c\u0153ur :<\/strong> Cardamome, Mahonial, Suede, Toffee, C\u00e8dre<\/p>\n<\/li>\n<li data-start=\"2062\" data-end=\"2167\">\n<p data-start=\"2064\" data-end=\"2167\"><strong data-start=\"2064\" data-end=\"2083\">Notes de fond :<\/strong> F\u00e8ve tonka, Akigalawood, Ambrofix\u2122, Patchouli<\/p>\n<\/li>\n<\/ul>","protected":false},"excerpt":{"rendered":"<p data-start=\"557\" data-end=\"908\"><strong data-start=\"208\" data-end=\"258\">9PM Night Out \u2013 Afnan Extrait de Parfum 100 ml<\/strong> est une fragrance unisexe audacieuse et sophistiqu\u00e9e, cr\u00e9\u00e9e pour <strong data-start=\"324\" data-end=\"352\">les soir\u00e9es inoubliables<\/strong>. Elle allie fra\u00eecheur fruit\u00e9e, chaleur \u00e9pic\u00e9e et profondeur ambr\u00e9e pour laisser une empreinte olfactive puissante et \u00e9l\u00e9gante.<\/p>","protected":false},"featured_media":5727,"comment_status":"open","ping_status":"closed","template":"","meta":{"_acf_changed":false,"content-type":""},"product_brand":[],"product_cat":[78,114],"product_tag":[],"class_list":{"0":"post-5726","1":"product","2":"type-product","3":"status-publish","4":"has-post-thumbnail","6":"product_cat-parfums","7":"product_cat-for-men","9":"first","10":"instock","11":"shipping-taxable","12":"purchasable","13":"product-type-simple"},"acf":[],"jetpack_sharing_enabled":true,"_links":{"self":[{"href":"https:\/\/saffir.ma\/fr\/wp-json\/wp\/v2\/product\/5726","targetHints":{"allow":["GET"]}}],"collection":[{"href":"https:\/\/saffir.ma\/fr\/wp-json\/wp\/v2\/product"}],"about":[{"href":"https:\/\/saffir.ma\/fr\/wp-json\/wp\/v2\/types\/product"}],"replies":[{"embeddable":true,"href":"https:\/\/saffir.ma\/fr\/wp-json\/wp\/v2\/comments?post=5726"}],"wp:featuredmedia":[{"embeddable":true,"href":"https:\/\/saffir.ma\/fr\/wp-json\/wp\/v2\/media\/5727"}],"wp:attachment":[{"href":"https:\/\/saffir.ma\/fr\/wp-json\/wp\/v2\/media?parent=5726"}],"wp:term":[{"taxonomy":"product_brand","embeddable":true,"href":"https:\/\/saffir.ma\/fr\/wp-json\/wp\/v2\/product_brand?post=5726"},{"taxonomy":"product_cat","embeddable":true,"href":"https:\/\/saffir.ma\/fr\/wp-json\/wp\/v2\/product_cat?post=5726"},{"taxonomy":"product_tag","embeddable":true,"href":"https:\/\/saffir.ma\/fr\/wp-json\/wp\/v2\/product_tag?post=5726"}],"curies":[{"name":"wp","href":"https:\/\/api.w.org\/{rel}","templated":true}]}}