{"id":5824,"date":"2026-03-01T22:13:02","date_gmt":"2026-03-01T22:13:02","guid":{"rendered":"https:\/\/saffir.ma\/?post_type=product&#038;p=5824"},"modified":"2026-03-01T23:36:31","modified_gmt":"2026-03-01T23:36:31","slug":"parfum-vanilla-aura-maison-asrar","status":"publish","type":"product","link":"https:\/\/saffir.ma\/fr\/produit\/parfum-vanilla-aura-maison-asrar\/","title":{"rendered":"Parfum Vanilla Aura \u2013 Maison Asrar"},"content":{"rendered":"<p data-start=\"596\" data-end=\"934\"><strong data-start=\"596\" data-end=\"627\">Vanilla Aura \u2013 Maison Asrar<\/strong> est une eau de parfum gourmande d\u2019inspiration orientale, cr\u00e9\u00e9e pour ceux qui aiment les senteurs riches, sucr\u00e9es et enveloppantes. Lanc\u00e9 r\u00e9cemment en 2025, ce parfum mixte explore toutes les facettes de la vanille \u2014 de sa fra\u00eecheur lumineuse \u00e0 sa profondeur sensuelle.<\/p>\n<p data-start=\"936\" data-end=\"1344\">L\u2019ouverture du parfum offre une fra\u00eecheur p\u00e9tillante de <strong data-start=\"992\" data-end=\"1023\">bergamote, citron et muguet<\/strong> qui capte l\u2019attention, avant de c\u00e9der place \u00e0 un c\u0153ur irr\u00e9sistiblement gourmand compos\u00e9 de <strong data-start=\"1115\" data-end=\"1147\">vanille, caramel et chocolat<\/strong>. La base ancr\u00e9e de <strong data-start=\"1167\" data-end=\"1210\">santal, ambre, f\u00e8ve de tonka et vanille<\/strong> conf\u00e8re une profondeur chaleureuse et une tenue durable, laissant un sillage doux et m\u00e9morable.<\/p>\n<p data-start=\"1346\" data-end=\"1587\">Vanilla Aura est une fragrance parfaite pour les amateurs de parfums vanill\u00e9s riches, id\u00e9ale pour les sorties, les soir\u00e9es ou les moments o\u00f9 vous souhaitez laisser une impression chaleureuse et \u00e9l\u00e9gante.<\/p>\n<h2 data-start=\"1594\" data-end=\"1618\">\ud83d\udd25 Pyramide olfactive<\/h2>\n<p data-start=\"1620\" data-end=\"1641\"><strong data-start=\"1620\" data-end=\"1639\">Notes de t\u00eate :<\/strong><\/p>\n<ul data-start=\"1642\" data-end=\"1713\">\n<li data-start=\"1642\" data-end=\"1655\">\n<p data-start=\"1644\" data-end=\"1655\">Bergamote<\/p>\n<\/li>\n<li data-start=\"1656\" data-end=\"1666\">\n<p data-start=\"1658\" data-end=\"1666\">Citron<\/p>\n<\/li>\n<li data-start=\"1667\" data-end=\"1713\">\n<p data-start=\"1669\" data-end=\"1713\">Muguet<\/p>\n<\/li>\n<\/ul>\n<p data-start=\"1715\" data-end=\"1736\"><strong data-start=\"1715\" data-end=\"1734\">Notes de c\u0153ur :<\/strong><\/p>\n<ul data-start=\"1737\" data-end=\"1809\">\n<li data-start=\"1737\" data-end=\"1748\">\n<p data-start=\"1739\" data-end=\"1748\">Vanille<\/p>\n<\/li>\n<li data-start=\"1749\" data-end=\"1760\">\n<p data-start=\"1751\" data-end=\"1760\">Caramel<\/p>\n<\/li>\n<li data-start=\"1761\" data-end=\"1809\">\n<p data-start=\"1763\" data-end=\"1809\">Chocolat<\/p>\n<\/li>\n<\/ul>\n<p data-start=\"1811\" data-end=\"1832\"><strong data-start=\"1811\" data-end=\"1830\">Notes de fond :<\/strong><\/p>\n<ul data-start=\"1833\" data-end=\"1927\">\n<li data-start=\"1833\" data-end=\"1851\">\n<p data-start=\"1835\" data-end=\"1851\">Bois de santal<\/p>\n<\/li>\n<li data-start=\"1852\" data-end=\"1861\">\n<p data-start=\"1854\" data-end=\"1861\">Ambre<\/p>\n<\/li>\n<li data-start=\"1862\" data-end=\"1873\">\n<p data-start=\"1864\" data-end=\"1873\">Vanille<\/p>\n<\/li>\n<li data-start=\"1874\" data-end=\"1927\">\n<p data-start=\"1876\" data-end=\"1927\">F\u00e8ve de tonka<\/p>\n<\/li>\n<\/ul>\n<h2 data-start=\"1934\" data-end=\"1959\">\ud83d\udc8e Caract\u00e8re du parfum<\/h2>\n<ul data-start=\"1961\" data-end=\"2194\">\n<li data-start=\"1961\" data-end=\"2042\">\n<p data-start=\"1963\" data-end=\"2042\">Famille : Gourmand \u2013 Vanill\u00e9 \u2013 Oriental<\/p>\n<\/li>\n<li data-start=\"2043\" data-end=\"2134\">\n<p data-start=\"2045\" data-end=\"2134\">Genre : Mixte (convient aux hommes et aux femmes)<\/p>\n<\/li>\n<li data-start=\"2135\" data-end=\"2169\">\n<p data-start=\"2137\" data-end=\"2169\">Sillage : Chaud et enveloppant<\/p>\n<\/li>\n<li data-start=\"2170\" data-end=\"2194\">\n<p data-start=\"2172\" data-end=\"2194\">Tenue : Longue dur\u00e9e<\/p>\n<\/li>\n<\/ul>\n<h2 data-start=\"2201\" data-end=\"2217\">\ud83c\udfaf Id\u00e9al pour<\/h2>\n<ul data-start=\"2219\" data-end=\"2368\">\n<li data-start=\"2219\" data-end=\"2260\">\n<p data-start=\"2221\" data-end=\"2260\">Moments sp\u00e9ciaux et soir\u00e9es \u00e9l\u00e9gantes<\/p>\n<\/li>\n<li data-start=\"2261\" data-end=\"2297\">\n<p data-start=\"2263\" data-end=\"2297\">Saison froide ou automne \u2013 hiver<\/p>\n<\/li>\n<li data-start=\"2298\" data-end=\"2337\">\n<p data-start=\"2300\" data-end=\"2337\">Amateurs de parfums vanill\u00e9s riches<\/p>\n<\/li>\n<li data-start=\"2338\" data-end=\"2368\">\n<p data-start=\"2340\" data-end=\"2368\">Cadeau parfum\u00e9 sophistiqu\u00e9<\/p>\n<\/li>\n<\/ul>\n<h2 data-start=\"2375\" data-end=\"2387\">\ud83d\udce6 Format<\/h2>\n<p data-start=\"2389\" data-end=\"2523\">Eau de Parfum \u2013 <strong data-start=\"2405\" data-end=\"2415\">100 ml<\/strong><br data-start=\"2415\" data-end=\"2418\" \/>Maison : <strong data-start=\"2427\" data-end=\"2443\">Maison Asrar<\/strong><br data-start=\"2443\" data-end=\"2446\" \/>Type : Eau de Parfum Gourmande Vanill\u00e9e<\/p>","protected":false},"excerpt":{"rendered":"<p><strong data-start=\"371\" data-end=\"402\">Vanilla Aura \u2013 Maison Asrar<\/strong> est une <strong data-start=\"411\" data-end=\"434\">Eau de Parfum pour femmes <\/strong>\u00a0gourmande et vanill\u00e9e, aux notes de caramel, chocolat et ambre. Une fragrance chaude et longue tenue, id\u00e9ale pour les amateurs de parfums sucr\u00e9s et enveloppants.<\/p>","protected":false},"featured_media":5842,"comment_status":"open","ping_status":"closed","template":"","meta":{"_acf_changed":false,"content-type":""},"product_brand":[],"product_cat":[78,115],"product_tag":[],"class_list":{"0":"post-5824","1":"product","2":"type-product","3":"status-publish","4":"has-post-thumbnail","6":"product_cat-parfums","7":"product_cat-for-women","9":"first","10":"instock","11":"shipping-taxable","12":"purchasable","13":"product-type-simple"},"acf":[],"jetpack_sharing_enabled":true,"_links":{"self":[{"href":"https:\/\/saffir.ma\/fr\/wp-json\/wp\/v2\/product\/5824","targetHints":{"allow":["GET"]}}],"collection":[{"href":"https:\/\/saffir.ma\/fr\/wp-json\/wp\/v2\/product"}],"about":[{"href":"https:\/\/saffir.ma\/fr\/wp-json\/wp\/v2\/types\/product"}],"replies":[{"embeddable":true,"href":"https:\/\/saffir.ma\/fr\/wp-json\/wp\/v2\/comments?post=5824"}],"wp:featuredmedia":[{"embeddable":true,"href":"https:\/\/saffir.ma\/fr\/wp-json\/wp\/v2\/media\/5842"}],"wp:attachment":[{"href":"https:\/\/saffir.ma\/fr\/wp-json\/wp\/v2\/media?parent=5824"}],"wp:term":[{"taxonomy":"product_brand","embeddable":true,"href":"https:\/\/saffir.ma\/fr\/wp-json\/wp\/v2\/product_brand?post=5824"},{"taxonomy":"product_cat","embeddable":true,"href":"https:\/\/saffir.ma\/fr\/wp-json\/wp\/v2\/product_cat?post=5824"},{"taxonomy":"product_tag","embeddable":true,"href":"https:\/\/saffir.ma\/fr\/wp-json\/wp\/v2\/product_tag?post=5824"}],"curies":[{"name":"wp","href":"https:\/\/api.w.org\/{rel}","templated":true}]}}