{"id":5825,"date":"2026-03-01T22:19:42","date_gmt":"2026-03-01T22:19:42","guid":{"rendered":"https:\/\/saffir.ma\/?post_type=product&#038;p=5825"},"modified":"2026-03-01T23:45:42","modified_gmt":"2026-03-01T23:45:42","slug":"parfum-muharib-maison-asrar","status":"publish","type":"product","link":"https:\/\/saffir.ma\/fr\/produit\/parfum-muharib-maison-asrar\/","title":{"rendered":"Parfum Muharib \u2013 Maison Asrar"},"content":{"rendered":"<p data-start=\"580\" data-end=\"888\">Le <strong data-start=\"583\" data-end=\"616\">Parfum Muharib \u2013 Maison Asrar<\/strong> est une cr\u00e9ation olfactive sophistiqu\u00e9e qui \u00e9voque force, noblesse et confiance. Inspir\u00e9 par l\u2019esprit du guerrier du d\u00e9sert, ce parfum unisexe marie habilement des notes fra\u00eeches et vibrantes \u00e0 des accords riches, chauds et sensuels.<\/p>\n<p data-start=\"890\" data-end=\"1314\">D\u00e8s l\u2019ouverture, une combinaison p\u00e9tillante de <strong data-start=\"937\" data-end=\"958\">citrus et lavande<\/strong> apporte \u00e9nergie et clart\u00e9. Le c\u0153ur r\u00e9v\u00e8le une chaleur gourmande subtile gr\u00e2ce \u00e0 la <strong data-start=\"1042\" data-end=\"1087\">cannelle, au miel et au bois de cachemire<\/strong>, cr\u00e9ant une sensation r\u00e9confortante et \u00e9l\u00e9gante. Enfin, la base s\u2019installe sur des notes profondes de <strong data-start=\"1190\" data-end=\"1221\">tabac, f\u00e8ve tonka et jasmin<\/strong>, offrant un sillage intense, sophistiqu\u00e9 et m\u00e9morable.<\/p>\n<p data-start=\"1316\" data-end=\"1521\">Muharib est une fragrance polyvalente qui convient aussi bien aux occasions sp\u00e9ciales qu\u2019\u00e0 un usage quotidien chic, particuli\u00e8rement en saisons fra\u00eeches ou en soir\u00e9es.<\/p>\n<h2 data-start=\"1528\" data-end=\"1552\">\ud83d\udd25 Pyramide olfactive<\/h2>\n<p data-start=\"1554\" data-end=\"1575\"><strong data-start=\"1554\" data-end=\"1573\">Notes de t\u00eate :<\/strong><\/p>\n<ul data-start=\"1576\" data-end=\"1648\">\n<li data-start=\"1576\" data-end=\"1587\">\n<p data-start=\"1578\" data-end=\"1587\">Lavande<\/p>\n<\/li>\n<li data-start=\"1588\" data-end=\"1598\">\n<p data-start=\"1590\" data-end=\"1598\">Citron<\/p>\n<\/li>\n<li data-start=\"1599\" data-end=\"1648\">\n<p data-start=\"1601\" data-end=\"1648\">Bergamote<\/p>\n<\/li>\n<\/ul>\n<p data-start=\"1650\" data-end=\"1671\"><strong data-start=\"1650\" data-end=\"1669\">Notes de c\u0153ur :<\/strong><\/p>\n<ul data-start=\"1672\" data-end=\"1751\">\n<li data-start=\"1672\" data-end=\"1684\">\n<p data-start=\"1674\" data-end=\"1684\">Cannelle<\/p>\n<\/li>\n<li data-start=\"1685\" data-end=\"1693\">\n<p data-start=\"1687\" data-end=\"1693\">Miel<\/p>\n<\/li>\n<li data-start=\"1694\" data-end=\"1751\">\n<p data-start=\"1696\" data-end=\"1751\">Bois de cachemire<\/p>\n<\/li>\n<\/ul>\n<p data-start=\"1753\" data-end=\"1774\"><strong data-start=\"1753\" data-end=\"1772\">Notes de fond :<\/strong><\/p>\n<ul data-start=\"1775\" data-end=\"1846\">\n<li data-start=\"1775\" data-end=\"1784\">\n<p data-start=\"1777\" data-end=\"1784\">Tabac<\/p>\n<\/li>\n<li data-start=\"1785\" data-end=\"1799\">\n<p data-start=\"1787\" data-end=\"1799\">F\u00e8ve tonka<\/p>\n<\/li>\n<li data-start=\"1800\" data-end=\"1846\">\n<p data-start=\"1802\" data-end=\"1846\">Jasmin<\/p>\n<\/li>\n<\/ul>\n<h2 data-start=\"1853\" data-end=\"1878\">\ud83d\udc8e Caract\u00e8re du parfum<\/h2>\n<ul data-start=\"1880\" data-end=\"2152\">\n<li data-start=\"1880\" data-end=\"1974\">\n<p data-start=\"1882\" data-end=\"1974\"><strong data-start=\"1882\" data-end=\"1905\">Famille olfactive :<\/strong> Aromatique \u2013 \u00c9pic\u00e9e \u2013 Bois\u00e9e<\/p>\n<\/li>\n<li data-start=\"1975\" data-end=\"2052\">\n<p data-start=\"1977\" data-end=\"2052\"><strong data-start=\"1977\" data-end=\"1988\">Genre :<\/strong> Mixte (Hommes &amp; Femmes)<\/p>\n<\/li>\n<li data-start=\"2053\" data-end=\"2078\">\n<p data-start=\"2055\" data-end=\"2078\"><strong data-start=\"2055\" data-end=\"2068\">Sillage :<\/strong> Intense<\/p>\n<\/li>\n<li data-start=\"2079\" data-end=\"2107\">\n<p data-start=\"2081\" data-end=\"2107\"><strong data-start=\"2081\" data-end=\"2092\">Tenue :<\/strong> Longue dur\u00e9e<\/p>\n<\/li>\n<li data-start=\"2108\" data-end=\"2152\">\n<p data-start=\"2110\" data-end=\"2152\"><strong data-start=\"2110\" data-end=\"2121\">Style :<\/strong> Puissant \u2013 \u00c9l\u00e9gant \u2013 S\u00e9duisant<\/p>\n<\/li>\n<\/ul>\n<h2 data-start=\"2159\" data-end=\"2175\">\ud83c\udfaf Id\u00e9al pour<\/h2>\n<ul data-start=\"2177\" data-end=\"2321\">\n<li data-start=\"2177\" data-end=\"2209\">\n<p data-start=\"2179\" data-end=\"2209\">Utilisation quotidienne chic<\/p>\n<\/li>\n<li data-start=\"2210\" data-end=\"2244\">\n<p data-start=\"2212\" data-end=\"2244\">Soir\u00e9es et occasions sp\u00e9ciales<\/p>\n<\/li>\n<li data-start=\"2245\" data-end=\"2264\">\n<p data-start=\"2247\" data-end=\"2264\">Automne &amp; hiver<\/p>\n<\/li>\n<li data-start=\"2265\" data-end=\"2292\">\n<p data-start=\"2267\" data-end=\"2292\">Homme ou femme confiant<\/p>\n<\/li>\n<li data-start=\"2293\" data-end=\"2321\">\n<p data-start=\"2295\" data-end=\"2321\">Cadeau parfum\u00e9 sophistiqu\u00e9<\/p>\n<\/li>\n<\/ul>\n<h2 data-start=\"2328\" data-end=\"2340\">\ud83d\udce6 Format<\/h2>\n<p data-start=\"2342\" data-end=\"2453\"><strong data-start=\"2342\" data-end=\"2368\">Eau de Parfum \u2013 100 ml<\/strong><br data-start=\"2368\" data-end=\"2371\" \/>Maison : Maison Asrar<br data-start=\"2392\" data-end=\"2395\" \/>Type : Eau de Parfum Mixte<br data-start=\"2421\" data-end=\"2424\" \/>Origine : \u00c9mirats Arabes Unis<\/p>","protected":false},"excerpt":{"rendered":"<p><strong data-start=\"275\" data-end=\"315\">Parfum Muharib 100 ml \u2013 Maison Asrar<\/strong> est une <strong data-start=\"324\" data-end=\"347\">Eau de Parfum mixte<\/strong> aromatique et \u00e9pic\u00e9e aux accords frais, chauds et bois\u00e9s. Une fragrance intense, \u00e9l\u00e9gante et durable, parfaite pour hommes et femmes confiants.<\/p>","protected":false},"featured_media":5847,"comment_status":"open","ping_status":"closed","template":"","meta":{"_acf_changed":false,"content-type":""},"product_brand":[],"product_cat":[78,114],"product_tag":[],"class_list":{"0":"post-5825","1":"product","2":"type-product","3":"status-publish","4":"has-post-thumbnail","6":"product_cat-parfums","7":"product_cat-for-men","9":"first","10":"instock","11":"shipping-taxable","12":"purchasable","13":"product-type-simple"},"acf":[],"jetpack_sharing_enabled":true,"_links":{"self":[{"href":"https:\/\/saffir.ma\/fr\/wp-json\/wp\/v2\/product\/5825","targetHints":{"allow":["GET"]}}],"collection":[{"href":"https:\/\/saffir.ma\/fr\/wp-json\/wp\/v2\/product"}],"about":[{"href":"https:\/\/saffir.ma\/fr\/wp-json\/wp\/v2\/types\/product"}],"replies":[{"embeddable":true,"href":"https:\/\/saffir.ma\/fr\/wp-json\/wp\/v2\/comments?post=5825"}],"wp:featuredmedia":[{"embeddable":true,"href":"https:\/\/saffir.ma\/fr\/wp-json\/wp\/v2\/media\/5847"}],"wp:attachment":[{"href":"https:\/\/saffir.ma\/fr\/wp-json\/wp\/v2\/media?parent=5825"}],"wp:term":[{"taxonomy":"product_brand","embeddable":true,"href":"https:\/\/saffir.ma\/fr\/wp-json\/wp\/v2\/product_brand?post=5825"},{"taxonomy":"product_cat","embeddable":true,"href":"https:\/\/saffir.ma\/fr\/wp-json\/wp\/v2\/product_cat?post=5825"},{"taxonomy":"product_tag","embeddable":true,"href":"https:\/\/saffir.ma\/fr\/wp-json\/wp\/v2\/product_tag?post=5825"}],"curies":[{"name":"wp","href":"https:\/\/api.w.org\/{rel}","templated":true}]}}