{"id":5827,"date":"2026-03-01T22:50:29","date_gmt":"2026-03-01T22:50:29","guid":{"rendered":"https:\/\/saffir.ma\/?post_type=product&#038;p=5827"},"modified":"2026-03-01T23:37:49","modified_gmt":"2026-03-01T23:37:49","slug":"parfum-masterpiece-maison-asrar","status":"publish","type":"product","link":"https:\/\/saffir.ma\/fr\/produit\/parfum-masterpiece-maison-asrar\/","title":{"rendered":"Parfum Masterpiece \u2013 Maison Asrar"},"content":{"rendered":"<p data-start=\"603\" data-end=\"929\"><strong data-start=\"603\" data-end=\"640\">Parfum Masterpiece \u2013 Maison Asrar<\/strong> est une cr\u00e9ation olfactive sophistiqu\u00e9e con\u00e7ue pour les hommes et les femmes qui appr\u00e9cient les parfums riches, harmonieux et raffin\u00e9s. Inspir\u00e9 par l\u2019authenticit\u00e9 et l\u2019\u00e9l\u00e9gance contemporaine, ce parfum s\u2019ouvre sur une symphonie aromatique captivante.<\/p>\n<p data-start=\"931\" data-end=\"1432\">L\u2019ouverture est fra\u00eeche et \u00e9pic\u00e9e, port\u00e9e par des notes de <strong data-start=\"990\" data-end=\"1039\">pomme croquante, cardamome et clou de girofle<\/strong> qui \u00e9veillent les sens avec \u00e9nergie. Le c\u0153ur d\u00e9veloppe une profondeur chaleureuse gr\u00e2ce \u00e0 la <strong data-start=\"1133\" data-end=\"1172\">cannelle, la lavande et le g\u00e9ranium<\/strong>, cr\u00e9ant une signature aromatique \u00e9quilibr\u00e9e et s\u00e9duisante. Enfin, la base r\u00e9v\u00e8le une combinaison riche et accueillante de <strong data-start=\"1295\" data-end=\"1330\">vanille, bois de c\u00e8dre et ambre<\/strong>, garantissant une tenue longue dur\u00e9e et un sillage sophistiqu\u00e9.<\/p>\n<p data-start=\"1434\" data-end=\"1704\">Masterpiece est une fragrance polyvalente, parfaite pour les occasions sp\u00e9ciales comme pour l\u2019usage quotidien chic. Sa composition harmonieuse s\u00e9duit autant les amateurs de senteurs classiques que les passionn\u00e9s de parfums modernes.<\/p>\n<h2 data-start=\"1711\" data-end=\"1735\">\ud83d\udd25 Pyramide olfactive<\/h2>\n<p data-start=\"1737\" data-end=\"1758\"><strong data-start=\"1737\" data-end=\"1756\">Notes de t\u00eate :<\/strong><\/p>\n<ul data-start=\"1759\" data-end=\"1838\">\n<li data-start=\"1759\" data-end=\"1768\">\n<p data-start=\"1761\" data-end=\"1768\">Pomme<\/p>\n<\/li>\n<li data-start=\"1769\" data-end=\"1788\">\n<p data-start=\"1771\" data-end=\"1788\">Clou de girofle<\/p>\n<\/li>\n<li data-start=\"1789\" data-end=\"1838\">\n<p data-start=\"1791\" data-end=\"1838\">Cardamome<\/p>\n<\/li>\n<\/ul>\n<p data-start=\"1840\" data-end=\"1861\"><strong data-start=\"1840\" data-end=\"1859\">Notes de c\u0153ur :<\/strong><\/p>\n<ul data-start=\"1862\" data-end=\"1935\">\n<li data-start=\"1862\" data-end=\"1874\">\n<p data-start=\"1864\" data-end=\"1874\">Cannelle<\/p>\n<\/li>\n<li data-start=\"1875\" data-end=\"1886\">\n<p data-start=\"1877\" data-end=\"1886\">Lavande<\/p>\n<\/li>\n<li data-start=\"1887\" data-end=\"1935\">\n<p data-start=\"1889\" data-end=\"1935\">G\u00e9ranium<\/p>\n<\/li>\n<\/ul>\n<p data-start=\"1937\" data-end=\"1958\"><strong data-start=\"1937\" data-end=\"1956\">Notes de fond :<\/strong><\/p>\n<ul data-start=\"1959\" data-end=\"2034\">\n<li data-start=\"1959\" data-end=\"1970\">\n<p data-start=\"1961\" data-end=\"1970\">Vanille<\/p>\n<\/li>\n<li data-start=\"1971\" data-end=\"1988\">\n<p data-start=\"1973\" data-end=\"1988\">Bois de c\u00e8dre<\/p>\n<\/li>\n<li data-start=\"1989\" data-end=\"2034\">\n<p data-start=\"1991\" data-end=\"2034\">Ambre<\/p>\n<\/li>\n<\/ul>\n<h2 data-start=\"2041\" data-end=\"2066\">\ud83d\udc8e Caract\u00e8re du parfum<\/h2>\n<ul data-start=\"2068\" data-end=\"2362\">\n<li data-start=\"2068\" data-end=\"2173\">\n<p data-start=\"2070\" data-end=\"2173\"><strong data-start=\"2070\" data-end=\"2093\">Famille olfactive :<\/strong> Aromatique \u2013 \u00c9pic\u00e9e \u2013 Vanill\u00e9e \u2013 Bois\u00e9e<\/p>\n<\/li>\n<li data-start=\"2174\" data-end=\"2253\">\n<p data-start=\"2176\" data-end=\"2253\"><strong data-start=\"2176\" data-end=\"2187\">Genre :<\/strong> Unisexe (Hommes &amp; Femmes)<\/p>\n<\/li>\n<li data-start=\"2254\" data-end=\"2288\">\n<p data-start=\"2256\" data-end=\"2288\"><strong data-start=\"2256\" data-end=\"2269\">Sillage :<\/strong> Mod\u00e9r\u00e9 \u00e0 intense<\/p>\n<\/li>\n<li data-start=\"2289\" data-end=\"2317\">\n<p data-start=\"2291\" data-end=\"2317\"><strong data-start=\"2291\" data-end=\"2302\">Tenue :<\/strong> Longue dur\u00e9e<\/p>\n<\/li>\n<li data-start=\"2318\" data-end=\"2362\">\n<p data-start=\"2320\" data-end=\"2362\"><strong data-start=\"2320\" data-end=\"2331\">Style :<\/strong> Sophistiqu\u00e9 \u2013 Chic \u2013 Moderne<\/p>\n<\/li>\n<\/ul>\n<h2 data-start=\"2369\" data-end=\"2385\">\ud83c\udfaf Id\u00e9al pour<\/h2>\n<ul data-start=\"2387\" data-end=\"2555\">\n<li data-start=\"2387\" data-end=\"2414\">\n<p data-start=\"2389\" data-end=\"2414\">Usage quotidien moderne<\/p>\n<\/li>\n<li data-start=\"2415\" data-end=\"2459\">\n<p data-start=\"2417\" data-end=\"2459\">Soir\u00e9es \u00e9l\u00e9gantes et occasions sp\u00e9ciales<\/p>\n<\/li>\n<li data-start=\"2460\" data-end=\"2478\">\n<p data-start=\"2462\" data-end=\"2478\">Toutes saisons<\/p>\n<\/li>\n<li data-start=\"2479\" data-end=\"2555\">\n<p data-start=\"2481\" data-end=\"2555\">Style raffin\u00e9 et assurance olfactive<\/p>\n<\/li>\n<\/ul>\n<h2 data-start=\"2562\" data-end=\"2574\">\ud83d\udce6 Format<\/h2>\n<p data-start=\"2576\" data-end=\"2697\"><strong data-start=\"2576\" data-end=\"2602\">Eau de Parfum \u2013 100 ml<\/strong><br data-start=\"2602\" data-end=\"2605\" \/>Maison : Maison Asrar<br data-start=\"2626\" data-end=\"2629\" \/>Type : Eau de Parfum Unisexe<\/p>","protected":false},"excerpt":{"rendered":"<p data-start=\"603\" data-end=\"929\"><strong data-start=\"266\" data-end=\"310\">Parfum Masterpiece 100 ml \u2013 Maison Asrar<\/strong> est une <strong data-start=\"319\" data-end=\"344\">Eau de Parfum unisexe<\/strong> aromatique, \u00e9pic\u00e9e et vanill\u00e9e avec des accents bois\u00e9s. Une fragrance \u00e9l\u00e9gante, sophistiqu\u00e9e et longue tenue, id\u00e9ale pour ceux qui recherchent une signature moderne et raffin\u00e9e.<\/p>","protected":false},"featured_media":5843,"comment_status":"open","ping_status":"closed","template":"","meta":{"_acf_changed":false,"content-type":""},"product_brand":[],"product_cat":[78,116],"product_tag":[],"class_list":{"0":"post-5827","1":"product","2":"type-product","3":"status-publish","4":"has-post-thumbnail","6":"product_cat-parfums","7":"product_cat-unisex","9":"first","10":"instock","11":"shipping-taxable","12":"purchasable","13":"product-type-simple"},"acf":[],"jetpack_sharing_enabled":true,"_links":{"self":[{"href":"https:\/\/saffir.ma\/fr\/wp-json\/wp\/v2\/product\/5827","targetHints":{"allow":["GET"]}}],"collection":[{"href":"https:\/\/saffir.ma\/fr\/wp-json\/wp\/v2\/product"}],"about":[{"href":"https:\/\/saffir.ma\/fr\/wp-json\/wp\/v2\/types\/product"}],"replies":[{"embeddable":true,"href":"https:\/\/saffir.ma\/fr\/wp-json\/wp\/v2\/comments?post=5827"}],"wp:featuredmedia":[{"embeddable":true,"href":"https:\/\/saffir.ma\/fr\/wp-json\/wp\/v2\/media\/5843"}],"wp:attachment":[{"href":"https:\/\/saffir.ma\/fr\/wp-json\/wp\/v2\/media?parent=5827"}],"wp:term":[{"taxonomy":"product_brand","embeddable":true,"href":"https:\/\/saffir.ma\/fr\/wp-json\/wp\/v2\/product_brand?post=5827"},{"taxonomy":"product_cat","embeddable":true,"href":"https:\/\/saffir.ma\/fr\/wp-json\/wp\/v2\/product_cat?post=5827"},{"taxonomy":"product_tag","embeddable":true,"href":"https:\/\/saffir.ma\/fr\/wp-json\/wp\/v2\/product_tag?post=5827"}],"curies":[{"name":"wp","href":"https:\/\/api.w.org\/{rel}","templated":true}]}}