{"id":5855,"date":"2026-03-05T02:00:48","date_gmt":"2026-03-05T02:00:48","guid":{"rendered":"https:\/\/saffir.ma\/?post_type=product&#038;p=5855"},"modified":"2026-03-05T02:37:47","modified_gmt":"2026-03-05T02:37:47","slug":"parfum-musk-tahara-pomegranate-60-ml-gulf-orchid","status":"publish","type":"product","link":"https:\/\/saffir.ma\/fr\/produit\/parfum-musk-tahara-pomegranate-60-ml-gulf-orchid\/","title":{"rendered":"Parfum Musk Tahara Pomegranate 60 ml \u2013 Gulf Orchid"},"content":{"rendered":"<p data-start=\"2207\" data-end=\"2477\">Le <strong data-start=\"2248\" data-end=\"2292\">PARFUM Tahara Pomegranate de Gulf Orchid<\/strong> s\u00e9duit par son \u00e9quilibre parfait entre fra\u00eecheur fruit\u00e9e et douceur musqu\u00e9e. D\u00e8s l\u2019ouverture, la grenade apporte une sensation fra\u00eeche et l\u00e9g\u00e8rement acidul\u00e9e qui dynamise la fragrance.<\/p>\n<p data-start=\"2479\" data-end=\"2665\">Le c\u0153ur d\u00e9voile des notes florales d\u00e9licates qui apportent \u00e9l\u00e9gance et finesse. La base musqu\u00e9e signature du musc tahara vient envelopper la composition d\u2019une douceur propre et raffin\u00e9e.<\/p>\n<p data-start=\"2667\" data-end=\"2829\">Ce parfum est particuli\u00e8rement appr\u00e9ci\u00e9 pour ceux qui recherchent un <strong data-start=\"2736\" data-end=\"2769\">parfum fruit\u00e9 musqu\u00e9 au Maroc<\/strong>, id\u00e9al pour une utilisation quotidienne ou apr\u00e8s la douche.<\/p>\n<p data-start=\"2831\" data-end=\"2920\">Disponible au Maroc sur <strong data-start=\"2855\" data-end=\"2868\">saffir.ma<\/strong>, sp\u00e9cialiste des parfums orientaux et muscs tahara.<\/p>\n<p data-start=\"2922\" data-end=\"3073\">\ud83d\udca8 <strong data-start=\"2925\" data-end=\"2944\">Profil olfactif<\/strong><br data-start=\"2944\" data-end=\"2947\" \/>Notes de t\u00eate : Grenade, fruits rouges<br data-start=\"2985\" data-end=\"2988\" \/>Notes de c\u0153ur : Notes florales d\u00e9licates<br data-start=\"3028\" data-end=\"3031\" \/>Notes de fond : Musc blanc, notes musqu\u00e9es<\/p>\n<p data-start=\"3075\" data-end=\"3262\">\ud83d\udecb\ufe0f <strong data-start=\"3079\" data-end=\"3103\">Avantages principaux<\/strong><br data-start=\"3103\" data-end=\"3106\" \/>\u2022 Parfum fruit\u00e9 frais et \u00e9l\u00e9gant<br data-start=\"3138\" data-end=\"3141\" \/>\u2022 Musc tahara propre et d\u00e9licat<br data-start=\"3172\" data-end=\"3175\" \/>\u2022 Parfum mixte facile \u00e0 porter<br data-start=\"3205\" data-end=\"3208\" \/>\u2022 Id\u00e9al pour le quotidien<br data-start=\"3233\" data-end=\"3236\" \/>\u2022 Sillage doux et agr\u00e9able<\/p>\n<p data-start=\"3264\" data-end=\"3300\">\ud83d\udce6 <strong data-start=\"3267\" data-end=\"3277\">Format<\/strong><br data-start=\"3277\" data-end=\"3280\" \/>Flacon spray \u2013 60 ML<\/p>","protected":false},"excerpt":{"rendered":"<p>Le <strong data-start=\"1948\" data-end=\"2014\">PARFUM Musk Collection Tahara Pomegranate 60 ML de Gulf Orchid<\/strong> est un <strong data-start=\"2022\" data-end=\"2074\">parfum mixte fruit\u00e9 et musqu\u00e9 populaire au Maroc<\/strong>. Cette fragrance associe la fra\u00eecheur de la grenade \u00e0 la douceur du musc tahara pour un parfum oriental moderne, frais et \u00e9l\u00e9gant.<\/p>","protected":false},"featured_media":5862,"comment_status":"open","ping_status":"closed","template":"","meta":{"_acf_changed":false,"content-type":""},"product_brand":[],"product_cat":[78,116],"product_tag":[],"class_list":{"0":"post-5855","1":"product","2":"type-product","3":"status-publish","4":"has-post-thumbnail","6":"product_cat-parfums","7":"product_cat-unisex","9":"first","10":"instock","11":"shipping-taxable","12":"purchasable","13":"product-type-simple"},"acf":[],"jetpack_sharing_enabled":true,"_links":{"self":[{"href":"https:\/\/saffir.ma\/fr\/wp-json\/wp\/v2\/product\/5855","targetHints":{"allow":["GET"]}}],"collection":[{"href":"https:\/\/saffir.ma\/fr\/wp-json\/wp\/v2\/product"}],"about":[{"href":"https:\/\/saffir.ma\/fr\/wp-json\/wp\/v2\/types\/product"}],"replies":[{"embeddable":true,"href":"https:\/\/saffir.ma\/fr\/wp-json\/wp\/v2\/comments?post=5855"}],"wp:featuredmedia":[{"embeddable":true,"href":"https:\/\/saffir.ma\/fr\/wp-json\/wp\/v2\/media\/5862"}],"wp:attachment":[{"href":"https:\/\/saffir.ma\/fr\/wp-json\/wp\/v2\/media?parent=5855"}],"wp:term":[{"taxonomy":"product_brand","embeddable":true,"href":"https:\/\/saffir.ma\/fr\/wp-json\/wp\/v2\/product_brand?post=5855"},{"taxonomy":"product_cat","embeddable":true,"href":"https:\/\/saffir.ma\/fr\/wp-json\/wp\/v2\/product_cat?post=5855"},{"taxonomy":"product_tag","embeddable":true,"href":"https:\/\/saffir.ma\/fr\/wp-json\/wp\/v2\/product_tag?post=5855"}],"curies":[{"name":"wp","href":"https:\/\/api.w.org\/{rel}","templated":true}]}}