{"id":5856,"date":"2026-03-05T02:02:46","date_gmt":"2026-03-05T02:02:46","guid":{"rendered":"https:\/\/saffir.ma\/?post_type=product&#038;p=5856"},"modified":"2026-03-05T02:38:43","modified_gmt":"2026-03-05T02:38:43","slug":"parfum-musk-tahara-blueberry-60-ml-gulf-orchid","status":"publish","type":"product","link":"https:\/\/saffir.ma\/fr\/produit\/parfum-musk-tahara-blueberry-60-ml-gulf-orchid\/","title":{"rendered":"Parfum Musk Tahara Blueberry 60 ml \u2013 Gulf Orchid"},"content":{"rendered":"<p data-start=\"3674\" data-end=\"3942\">Le <strong data-start=\"3715\" data-end=\"3757\">PARFUM Tahara Blueberry de Gulf Orchid<\/strong> est une fragrance fruit\u00e9e et musqu\u00e9e qui apporte une touche gourmande au c\u00e9l\u00e8bre musc tahara. D\u00e8s l\u2019ouverture, des notes fruit\u00e9es fra\u00eeches annoncent une fragrance lumineuse et joyeuse.<\/p>\n<p data-start=\"3944\" data-end=\"4130\">Le c\u0153ur d\u00e9voile la douceur juteuse de la myrtille, parfaitement \u00e9quilibr\u00e9e par un musc blanc propre et \u00e9l\u00e9gant. Le fond musqu\u00e9 et l\u00e9g\u00e8rement ambr\u00e9 laisse un sillage d\u00e9licat et s\u00e9duisant.<\/p>\n<p data-start=\"4132\" data-end=\"4279\">Ce parfum est id\u00e9al pour les amateurs de <strong data-start=\"4173\" data-end=\"4211\">parfums fruit\u00e9s orientaux au Maroc<\/strong>, recherchant une fragrance moderne et facile \u00e0 porter au quotidien.<\/p>\n<p data-start=\"4281\" data-end=\"4381\">Disponible au Maroc sur <strong data-start=\"4305\" data-end=\"4318\">saffir.ma<\/strong>, votre boutique sp\u00e9cialis\u00e9e en parfums orientaux authentiques.<\/p>\n<p data-start=\"4383\" data-end=\"4526\">\ud83d\udca8 <strong data-start=\"4386\" data-end=\"4405\">Profil olfactif<\/strong><br data-start=\"4405\" data-end=\"4408\" \/>Notes de t\u00eate : Notes fruit\u00e9es fra\u00eeches<br data-start=\"4447\" data-end=\"4450\" \/>Notes de c\u0153ur : Myrtille, notes florales<br data-start=\"4490\" data-end=\"4493\" \/>Notes de fond : Musc blanc, ambre<\/p>\n<p data-start=\"4528\" data-end=\"4701\">\ud83d\udecb\ufe0f <strong data-start=\"4532\" data-end=\"4556\">Avantages principaux<\/strong><br data-start=\"4556\" data-end=\"4559\" \/>\u2022 Parfum fruit\u00e9 gourmand<br data-start=\"4583\" data-end=\"4586\" \/>\u2022 Musc tahara doux et propre<br data-start=\"4614\" data-end=\"4617\" \/>\u2022 Parfum mixte moderne<br data-start=\"4639\" data-end=\"4642\" \/>\u2022 Id\u00e9al pour toutes les saisons<br data-start=\"4673\" data-end=\"4676\" \/>\u2022 Bonne tenue sur la peau<\/p>\n<p data-start=\"4703\" data-end=\"4739\">\ud83d\udce6 <strong data-start=\"4706\" data-end=\"4716\">Format<\/strong><br data-start=\"4716\" data-end=\"4719\" \/>Flacon spray \u2013 60 ML<\/p>","protected":false},"excerpt":{"rendered":"<p>Le <strong data-start=\"3406\" data-end=\"3470\">PARFUM Musk Collection Tahara Blueberry 60 ML de Gulf Orchid<\/strong> est un <strong data-start=\"3478\" data-end=\"3534\">parfum mixte fruit\u00e9 et musqu\u00e9 tr\u00e8s appr\u00e9ci\u00e9 au Maroc<\/strong>. Cette fragrance combine la douceur gourmande de la myrtille et la puret\u00e9 du musc tahara pour un parfum moderne, \u00e9l\u00e9gant et longue tenue.<\/p>","protected":false},"featured_media":5863,"comment_status":"open","ping_status":"closed","template":"","meta":{"_acf_changed":false,"content-type":""},"product_brand":[],"product_cat":[78,116],"product_tag":[],"class_list":{"0":"post-5856","1":"product","2":"type-product","3":"status-publish","4":"has-post-thumbnail","6":"product_cat-parfums","7":"product_cat-unisex","9":"first","10":"instock","11":"shipping-taxable","12":"purchasable","13":"product-type-simple"},"acf":[],"jetpack_sharing_enabled":true,"_links":{"self":[{"href":"https:\/\/saffir.ma\/fr\/wp-json\/wp\/v2\/product\/5856","targetHints":{"allow":["GET"]}}],"collection":[{"href":"https:\/\/saffir.ma\/fr\/wp-json\/wp\/v2\/product"}],"about":[{"href":"https:\/\/saffir.ma\/fr\/wp-json\/wp\/v2\/types\/product"}],"replies":[{"embeddable":true,"href":"https:\/\/saffir.ma\/fr\/wp-json\/wp\/v2\/comments?post=5856"}],"wp:featuredmedia":[{"embeddable":true,"href":"https:\/\/saffir.ma\/fr\/wp-json\/wp\/v2\/media\/5863"}],"wp:attachment":[{"href":"https:\/\/saffir.ma\/fr\/wp-json\/wp\/v2\/media?parent=5856"}],"wp:term":[{"taxonomy":"product_brand","embeddable":true,"href":"https:\/\/saffir.ma\/fr\/wp-json\/wp\/v2\/product_brand?post=5856"},{"taxonomy":"product_cat","embeddable":true,"href":"https:\/\/saffir.ma\/fr\/wp-json\/wp\/v2\/product_cat?post=5856"},{"taxonomy":"product_tag","embeddable":true,"href":"https:\/\/saffir.ma\/fr\/wp-json\/wp\/v2\/product_tag?post=5856"}],"curies":[{"name":"wp","href":"https:\/\/api.w.org\/{rel}","templated":true}]}}