{"id":5857,"date":"2026-03-05T02:04:45","date_gmt":"2026-03-05T02:04:45","guid":{"rendered":"https:\/\/saffir.ma\/?post_type=product&#038;p=5857"},"modified":"2026-03-05T02:39:40","modified_gmt":"2026-03-05T02:39:40","slug":"parfum-musk-tahara-tropical-fruit-60-ml-gulf-orchid","status":"publish","type":"product","link":"https:\/\/saffir.ma\/fr\/produit\/parfum-musk-tahara-tropical-fruit-60-ml-gulf-orchid\/","title":{"rendered":"Parfum Musk Tahara Tropical Fruit 60 ml \u2013 Gulf Orchid"},"content":{"rendered":"<p data-start=\"5112\" data-end=\"5340\">Le <strong data-start=\"5153\" data-end=\"5200\">PARFUM Tahara Tropical Fruit de Gulf Orchid<\/strong> offre une exp\u00e9rience olfactive exotique et lumineuse. D\u00e8s les premi\u00e8res notes, un m\u00e9lange de fruits tropicaux apporte fra\u00eecheur et \u00e9nergie.<\/p>\n<p data-start=\"5342\" data-end=\"5526\">Le c\u0153ur du parfum r\u00e9v\u00e8le des nuances fruit\u00e9es et florales qui cr\u00e9ent une fragrance vibrante et moderne. Le fond musqu\u00e9 signature du musc tahara apporte douceur, sensualit\u00e9 et \u00e9l\u00e9gance.<\/p>\n<p data-start=\"5528\" data-end=\"5669\">Ce parfum est id\u00e9al pour ceux qui recherchent un <strong data-start=\"5577\" data-end=\"5612\">parfum fruit\u00e9 exotique au Maroc<\/strong>, parfait pour l\u2019\u00e9t\u00e9 ou pour une utilisation quotidienne.<\/p>\n<p data-start=\"5671\" data-end=\"5770\">Disponible au Maroc sur <strong data-start=\"5695\" data-end=\"5708\">saffir.ma<\/strong>, sp\u00e9cialiste des parfums orientaux et muscs tahara originaux.<\/p>\n<p data-start=\"5772\" data-end=\"5911\">\ud83d\udca8 <strong data-start=\"5775\" data-end=\"5794\">Profil olfactif<\/strong><br data-start=\"5794\" data-end=\"5797\" \/>Notes de t\u00eate : Fruits tropicaux, poire<br data-start=\"5836\" data-end=\"5839\" \/>Notes de c\u0153ur : Notes florales, musc<br data-start=\"5875\" data-end=\"5878\" \/>Notes de fond : Ambre, musc blanc<\/p>\n<p data-start=\"5913\" data-end=\"6095\">\ud83d\udecb\ufe0f <strong data-start=\"5917\" data-end=\"5941\">Avantages principaux<\/strong><br data-start=\"5941\" data-end=\"5944\" \/>\u2022 Parfum fruit\u00e9 exotique et lumineux<br data-start=\"5980\" data-end=\"5983\" \/>\u2022 Musc tahara doux et \u00e9l\u00e9gant<br data-start=\"6012\" data-end=\"6015\" \/>\u2022 Parfum mixte moderne<br data-start=\"6037\" data-end=\"6040\" \/>\u2022 Sillage frais et agr\u00e9able<br data-start=\"6067\" data-end=\"6070\" \/>\u2022 Id\u00e9al pour le quotidien<\/p>\n<p data-start=\"6097\" data-end=\"6133\">\ud83d\udce6 <strong data-start=\"6100\" data-end=\"6110\">Format<\/strong><br data-start=\"6110\" data-end=\"6113\" \/>Flacon spray \u2013 60 ML<\/p>","protected":false},"excerpt":{"rendered":"<p>Le <strong data-start=\"4850\" data-end=\"4919\">PARFUM Musk Collection Tahara Tropical Fruit 60 ML de Gulf Orchid<\/strong> est un <strong data-start=\"4927\" data-end=\"4986\">parfum mixte exotique et fruit\u00e9 tr\u00e8s recherch\u00e9 au Maroc<\/strong>. Cette fragrance associe des fruits tropicaux lumineux au musc tahara pour un parfum oriental frais, gourmand et s\u00e9duisant.<\/p>","protected":false},"featured_media":5864,"comment_status":"open","ping_status":"closed","template":"","meta":{"_acf_changed":false,"content-type":""},"product_brand":[],"product_cat":[78,116],"product_tag":[],"class_list":{"0":"post-5857","1":"product","2":"type-product","3":"status-publish","4":"has-post-thumbnail","6":"product_cat-parfums","7":"product_cat-unisex","9":"first","10":"instock","11":"shipping-taxable","12":"purchasable","13":"product-type-simple"},"acf":[],"jetpack_sharing_enabled":true,"_links":{"self":[{"href":"https:\/\/saffir.ma\/fr\/wp-json\/wp\/v2\/product\/5857","targetHints":{"allow":["GET"]}}],"collection":[{"href":"https:\/\/saffir.ma\/fr\/wp-json\/wp\/v2\/product"}],"about":[{"href":"https:\/\/saffir.ma\/fr\/wp-json\/wp\/v2\/types\/product"}],"replies":[{"embeddable":true,"href":"https:\/\/saffir.ma\/fr\/wp-json\/wp\/v2\/comments?post=5857"}],"wp:featuredmedia":[{"embeddable":true,"href":"https:\/\/saffir.ma\/fr\/wp-json\/wp\/v2\/media\/5864"}],"wp:attachment":[{"href":"https:\/\/saffir.ma\/fr\/wp-json\/wp\/v2\/media?parent=5857"}],"wp:term":[{"taxonomy":"product_brand","embeddable":true,"href":"https:\/\/saffir.ma\/fr\/wp-json\/wp\/v2\/product_brand?post=5857"},{"taxonomy":"product_cat","embeddable":true,"href":"https:\/\/saffir.ma\/fr\/wp-json\/wp\/v2\/product_cat?post=5857"},{"taxonomy":"product_tag","embeddable":true,"href":"https:\/\/saffir.ma\/fr\/wp-json\/wp\/v2\/product_tag?post=5857"}],"curies":[{"name":"wp","href":"https:\/\/api.w.org\/{rel}","templated":true}]}}