{"id":6099,"date":"2026-03-27T09:24:48","date_gmt":"2026-03-27T09:24:48","guid":{"rendered":"https:\/\/saffir.ma\/?post_type=product&#038;p=6099"},"modified":"2026-03-27T09:24:49","modified_gmt":"2026-03-27T09:24:49","slug":"huile-essentielle-de-girofle-naturelle-saffir","status":"publish","type":"product","link":"https:\/\/saffir.ma\/fr\/produit\/huile-essentielle-de-girofle-naturelle-saffir\/","title":{"rendered":"HUILE ESSENTIELLE DE GIROFLE NATURELLE  \u2013 SAFFIR"},"content":{"rendered":"<p data-start=\"599\" data-end=\"893\">L\u2019<strong data-start=\"639\" data-end=\"678\">huile essentielle de girofle Saffir<\/strong> est obtenue \u00e0 partir de clous de girofle s\u00e9lectionn\u00e9s avec soin pour garantir une qualit\u00e9 optimale. Riche en <strong data-start=\"788\" data-end=\"799\">eug\u00e9nol<\/strong>, elle est reconnue pour ses puissantes propri\u00e9t\u00e9s purifiantes, stimulantes et revitalisantes.<\/p>\n<p data-start=\"895\" data-end=\"1164\">Tr\u00e8s utilis\u00e9e en aromath\u00e9rapie, cette huile essentielle est id\u00e9ale pour renforcer le bien-\u00eatre g\u00e9n\u00e9ral, stimuler l\u2019\u00e9nergie et accompagner les soins naturels. Elle est \u00e9galement appr\u00e9ci\u00e9e dans les soins bucco-dentaires et les massages gr\u00e2ce \u00e0 ses propri\u00e9t\u00e9s tonifiantes.<\/p>\n<p data-start=\"1166\" data-end=\"1298\">Son parfum chaud, \u00e9pic\u00e9 et intense en fait un excellent choix pour la diffusion ou pour enrichir vos pr\u00e9parations naturelles maison.<\/p>\n<p data-start=\"1300\" data-end=\"1465\">L\u2019<strong data-start=\"1302\" data-end=\"1357\">huile essentielle de girofle naturelle Saffir 30 ML<\/strong> est parfaite pour une utilisation quotidienne, que ce soit pour le bien-\u00eatre, les soins ou l\u2019aromath\u00e9rapie.<\/p>\n<p data-start=\"1467\" data-end=\"1582\">Disponible au Maroc sur <strong data-start=\"1491\" data-end=\"1504\">saffir.ma<\/strong>, votre sp\u00e9cialiste des huiles essentielles naturelles et produits de qualit\u00e9.<\/p>\n<p data-start=\"1589\" data-end=\"1695\">\ud83d\udca8 <strong data-start=\"1592\" data-end=\"1611\">Profil olfactif<\/strong><br data-start=\"1611\" data-end=\"1614\" \/>Odeur : Chaude, \u00e9pic\u00e9e, bois\u00e9e<br data-start=\"1644\" data-end=\"1647\" \/>Famille olfactive : \u00c9pic\u00e9e<br data-start=\"1673\" data-end=\"1676\" \/>Intensit\u00e9 : Forte<\/p>\n<p data-start=\"1702\" data-end=\"1949\">\ud83d\udecb\ufe0f <strong data-start=\"1706\" data-end=\"1730\">Avantages principaux<\/strong><br data-start=\"1730\" data-end=\"1733\" \/>\u2022 Huile essentielle 100% naturelle<br data-start=\"1767\" data-end=\"1770\" \/>\u2022 Riche en eug\u00e9nol (puissant actif naturel)<br data-start=\"1813\" data-end=\"1816\" \/>\u2022 Propri\u00e9t\u00e9s purifiantes et stimulantes<br data-start=\"1855\" data-end=\"1858\" \/>\u2022 Id\u00e9ale pour aromath\u00e9rapie et soins naturels<br data-start=\"1903\" data-end=\"1906\" \/>\u2022 Produit naturel tr\u00e8s recherch\u00e9 au Maroc<\/p>\n<p data-start=\"1956\" data-end=\"1988\">\ud83d\udce6 <strong data-start=\"1959\" data-end=\"1969\">Format<\/strong><br data-start=\"1969\" data-end=\"1972\" \/>Flacon \u2013 30 ML<\/p>","protected":false},"excerpt":{"rendered":"<p>L\u2019<strong data-start=\"226\" data-end=\"283\">huile essentielle de girofle naturelle 30 ML \u2013 Saffir<\/strong> est une <strong data-start=\"292\" data-end=\"356\">huile essentielle pure et puissante tr\u00e8s recherch\u00e9e au Maroc<\/strong>. Connue pour ses propri\u00e9t\u00e9s purifiantes, stimulantes et tonifiantes, elle est id\u00e9ale pour l\u2019aromath\u00e9rapie, les soins naturels et le bien-\u00eatre. Parfaite pour ceux qui recherchent une <strong data-start=\"539\" data-end=\"591\">huile essentielle de girofle de qualit\u00e9 au Maroc<\/strong>.<\/p>","protected":false},"featured_media":6100,"comment_status":"open","ping_status":"closed","template":"","meta":{"_acf_changed":false,"content-type":""},"product_brand":[],"product_cat":[107,75],"product_tag":[],"class_list":{"0":"post-6099","1":"product","2":"type-product","3":"status-publish","4":"has-post-thumbnail","6":"product_cat-essential-oils","7":"product_cat-cosmitics","9":"first","10":"instock","11":"shipping-taxable","12":"purchasable","13":"product-type-simple"},"acf":[],"jetpack_sharing_enabled":true,"_links":{"self":[{"href":"https:\/\/saffir.ma\/fr\/wp-json\/wp\/v2\/product\/6099","targetHints":{"allow":["GET"]}}],"collection":[{"href":"https:\/\/saffir.ma\/fr\/wp-json\/wp\/v2\/product"}],"about":[{"href":"https:\/\/saffir.ma\/fr\/wp-json\/wp\/v2\/types\/product"}],"replies":[{"embeddable":true,"href":"https:\/\/saffir.ma\/fr\/wp-json\/wp\/v2\/comments?post=6099"}],"wp:featuredmedia":[{"embeddable":true,"href":"https:\/\/saffir.ma\/fr\/wp-json\/wp\/v2\/media\/6100"}],"wp:attachment":[{"href":"https:\/\/saffir.ma\/fr\/wp-json\/wp\/v2\/media?parent=6099"}],"wp:term":[{"taxonomy":"product_brand","embeddable":true,"href":"https:\/\/saffir.ma\/fr\/wp-json\/wp\/v2\/product_brand?post=6099"},{"taxonomy":"product_cat","embeddable":true,"href":"https:\/\/saffir.ma\/fr\/wp-json\/wp\/v2\/product_cat?post=6099"},{"taxonomy":"product_tag","embeddable":true,"href":"https:\/\/saffir.ma\/fr\/wp-json\/wp\/v2\/product_tag?post=6099"}],"curies":[{"name":"wp","href":"https:\/\/api.w.org\/{rel}","templated":true}]}}