{"id":6177,"date":"2026-04-18T00:26:10","date_gmt":"2026-04-18T00:26:10","guid":{"rendered":"https:\/\/saffir.ma\/?post_type=product&#038;p=6177"},"modified":"2026-04-18T12:14:24","modified_gmt":"2026-04-18T12:14:24","slug":"parfum-black-cavalier-vi-le-bonheur","status":"publish","type":"product","link":"https:\/\/saffir.ma\/fr\/produit\/parfum-black-cavalier-vi-le-bonheur\/","title":{"rendered":"PARFUM BLACK CAVALIER VI  &#8211; LE BONHEUR"},"content":{"rendered":"<div class=\"flex flex-col text-sm pb-25\">\n<section class=\"text-token-text-primary w-full focus:outline-none [--shadow-height:45px] has-data-writing-block:pointer-events-none has-data-writing-block:-mt-(--shadow-height) has-data-writing-block:pt-(--shadow-height) [&amp;:has([data-writing-block])&gt;*]:pointer-events-auto scroll-mt-[calc(var(--header-height)+min(200px,max(70px,20svh)))]\" dir=\"auto\" data-turn-id=\"request-69d29b4a-d08c-8325-a4d6-93e81e0b300d-1\" data-testid=\"conversation-turn-54\" data-scroll-anchor=\"true\" data-turn=\"assistant\">\n<div class=\"text-base my-auto mx-auto pb-10 [--thread-content-margin:var(--thread-content-margin-xs,calc(var(--spacing)*4))] @w-sm\/main:[--thread-content-margin:var(--thread-content-margin-sm,calc(var(--spacing)*6))] @w-lg\/main:[--thread-content-margin:var(--thread-content-margin-lg,calc(var(--spacing)*16))] px-(--thread-content-margin)\">\n<div class=\"[--thread-content-max-width:40rem] @w-lg\/main:[--thread-content-max-width:48rem] mx-auto max-w-(--thread-content-max-width) flex-1 group\/turn-messages focus-visible:outline-hidden relative flex w-full min-w-0 flex-col agent-turn\">\n<div class=\"flex max-w-full flex-col gap-4 grow\">\n<div class=\"min-h-8 text-message relative flex w-full flex-col items-end gap-2 text-start break-words whitespace-normal outline-none keyboard-focused:focus-ring [.text-message+&amp;]:mt-1\" dir=\"auto\" tabindex=\"0\" data-message-author-role=\"assistant\" data-message-id=\"6c075870-fc1c-49b2-82f6-41c3b783113c\" data-turn-start-message=\"true\" data-message-model-slug=\"gpt-5-3\">\n<div class=\"flex w-full flex-col gap-1 empty:hidden\">\n<div class=\"markdown prose dark:prose-invert w-full wrap-break-word light markdown-new-styling\">\n<p data-start=\"455\" data-end=\"600\">Le <strong data-start=\"458\" data-end=\"515\">PARFUM BLACK CAVALIER VI 100 ML &#8211; LE BONHEUR PERFUMES<\/strong> est une fragrance sophistiqu\u00e9e qui incarne fra\u00eecheur, \u00e9quilibre et \u00e9l\u00e9gance moderne.<\/p>\n<p data-start=\"602\" data-end=\"837\">D\u00e8s l\u2019ouverture, le parfum r\u00e9v\u00e8le une combinaison dynamique de bergamote et de gingembre, offrant une sensation fra\u00eeche, l\u00e9g\u00e8rement \u00e9pic\u00e9e et \u00e9nergisante. Cette entr\u00e9e apporte une signature propre et raffin\u00e9e, id\u00e9ale pour le quotidien.<\/p>\n<p data-start=\"839\" data-end=\"1014\">Le c\u0153ur d\u00e9voile un accord aromatique \u00e9l\u00e9gant compos\u00e9 de sauge et de violette, cr\u00e9ant une dimension florale subtile et moderne qui \u00e9quilibre parfaitement la fra\u00eecheur initiale.<\/p>\n<p data-start=\"1016\" data-end=\"1164\">En fond, la fragrance s\u2019installe sur une base bois\u00e9e profonde de c\u00e8dre, bois de santal et patchouli, laissant un sillage \u00e9l\u00e9gant, stable et durable.<\/p>\n<p data-start=\"1166\" data-end=\"1376\">Ce parfum mixte est id\u00e9al pour une utilisation quotidienne, notamment en journ\u00e9e ou en environnement professionnel, gr\u00e2ce \u00e0 son \u00e9quilibre entre fra\u00eecheur et sophistication.<\/p>\n<h3 data-section-id=\"18dxqoh\" data-start=\"1383\" data-end=\"1438\">\ud83d\udca8 Profil olfactif (source officielle Le Bonheur)<\/h3>\n<ul data-start=\"1439\" data-end=\"1682\">\n<li data-section-id=\"16hd704\" data-start=\"1439\" data-end=\"1517\">Notes de t\u00eate : Bergamote, Gingembre<\/li>\n<li data-section-id=\"kewn8v\" data-start=\"1518\" data-end=\"1591\">Notes de c\u0153ur : Sauge, Violette<\/li>\n<li data-section-id=\"1mzfu38\" data-start=\"1592\" data-end=\"1682\">Notes de fond : C\u00e8dre, Bois de santal, Patchouli<\/li>\n<\/ul>\n<h3 data-section-id=\"9uuma8\" data-start=\"1689\" data-end=\"1719\">\ud83d\udecb\ufe0f Avantages principaux<\/h3>\n<ul data-start=\"1720\" data-end=\"1948\">\n<li data-section-id=\"1k6c4c6\" data-start=\"1720\" data-end=\"1753\">Parfum mixte frais et \u00e9l\u00e9gant<\/li>\n<li data-section-id=\"vuk5gs\" data-start=\"1754\" data-end=\"1803\">Parfait pour usage quotidien et professionnel<\/li>\n<li data-section-id=\"12iigog\" data-start=\"1804\" data-end=\"1833\">Sillage propre et moderne<\/li>\n<li data-section-id=\"1itacu8\" data-start=\"1834\" data-end=\"1875\">Bonne tenue avec diffusion \u00e9quilibr\u00e9e<\/li>\n<li data-section-id=\"15c2ldf\" data-start=\"1876\" data-end=\"1906\">Id\u00e9al pour climat marocain<\/li>\n<li data-section-id=\"1aqv5rv\" data-start=\"1907\" data-end=\"1948\">Profil bois\u00e9 aromatique tr\u00e8s tendance<\/li>\n<\/ul>\n<h3 data-section-id=\"w3et1a\" data-start=\"1955\" data-end=\"1970\">\ud83d\udce6 Format<\/h3>\n<ul data-start=\"1971\" data-end=\"2012\">\n<li data-section-id=\"tm7wit\" data-start=\"1971\" data-end=\"1988\">Eau de Parfum<\/li>\n<li data-section-id=\"yeh1py\" data-start=\"1989\" data-end=\"2012\">Contenance : 100 ml<\/li>\n<\/ul>\n<\/div>\n<\/div>\n<\/div>\n<\/div>\n<div class=\"mt-3 w-full empty:hidden\"><\/div>\n<\/div>\n<\/div>\n<\/section>\n<\/div>","protected":false},"excerpt":{"rendered":"<p>Le <strong data-start=\"198\" data-end=\"261\">PARFUM BLACK CAVALIER VI 100 ML &#8211; LE BONHEUR PERFUMES mixte<\/strong> est une fragrance bois\u00e9e aromatique fra\u00eeche, combinant bergamote, gingembre et bois nobles pour un parfum \u00e9l\u00e9gant, moderne et longue tenue au Maroc.<\/p>","protected":false},"featured_media":6179,"comment_status":"open","ping_status":"closed","template":"","meta":{"_acf_changed":false,"content-type":""},"product_brand":[],"product_cat":[78,116],"product_tag":[],"class_list":{"0":"post-6177","1":"product","2":"type-product","3":"status-publish","4":"has-post-thumbnail","6":"product_cat-parfums","7":"product_cat-unisex","9":"first","10":"instock","11":"shipping-taxable","12":"purchasable","13":"product-type-simple"},"acf":[],"jetpack_sharing_enabled":true,"_links":{"self":[{"href":"https:\/\/saffir.ma\/fr\/wp-json\/wp\/v2\/product\/6177","targetHints":{"allow":["GET"]}}],"collection":[{"href":"https:\/\/saffir.ma\/fr\/wp-json\/wp\/v2\/product"}],"about":[{"href":"https:\/\/saffir.ma\/fr\/wp-json\/wp\/v2\/types\/product"}],"replies":[{"embeddable":true,"href":"https:\/\/saffir.ma\/fr\/wp-json\/wp\/v2\/comments?post=6177"}],"wp:featuredmedia":[{"embeddable":true,"href":"https:\/\/saffir.ma\/fr\/wp-json\/wp\/v2\/media\/6179"}],"wp:attachment":[{"href":"https:\/\/saffir.ma\/fr\/wp-json\/wp\/v2\/media?parent=6177"}],"wp:term":[{"taxonomy":"product_brand","embeddable":true,"href":"https:\/\/saffir.ma\/fr\/wp-json\/wp\/v2\/product_brand?post=6177"},{"taxonomy":"product_cat","embeddable":true,"href":"https:\/\/saffir.ma\/fr\/wp-json\/wp\/v2\/product_cat?post=6177"},{"taxonomy":"product_tag","embeddable":true,"href":"https:\/\/saffir.ma\/fr\/wp-json\/wp\/v2\/product_tag?post=6177"}],"curies":[{"name":"wp","href":"https:\/\/api.w.org\/{rel}","templated":true}]}}