{"id":6206,"date":"2026-04-22T00:08:49","date_gmt":"2026-04-22T00:08:49","guid":{"rendered":"https:\/\/saffir.ma\/?post_type=product&#038;p=6206"},"modified":"2026-04-24T00:26:50","modified_gmt":"2026-04-24T00:26:50","slug":"musc-tahara-fruits-tropical-12-ml-gulf-orchid","status":"publish","type":"product","link":"https:\/\/saffir.ma\/fr\/produit\/musc-tahara-fruits-tropical-12-ml-gulf-orchid\/","title":{"rendered":"MUSC TAHARA FRUITS TROPICAL  12 ML &#8211; GULF ORCHID"},"content":{"rendered":"<div class=\"relative basis-auto flex-col -mb-(--composer-overlap-px) pb-(--composer-overlap-px) [--composer-overlap-px:28px] grow flex\">\n<div class=\"flex flex-col text-sm\">\n<section class=\"text-token-text-primary w-full focus:outline-none [--shadow-height:45px] has-data-writing-block:pointer-events-none has-data-writing-block:-mt-(--shadow-height) has-data-writing-block:pt-(--shadow-height) [&amp;:has([data-writing-block])&gt;*]:pointer-events-auto [content-visibility:auto] supports-[content-visibility:auto]:[contain-intrinsic-size:auto_100lvh] R6Vx5W_threadScrollVars scroll-mb-[calc(var(--scroll-root-safe-area-inset-bottom,0px)+var(--thread-response-height))] scroll-mt-[calc(var(--header-height)+min(200px,max(70px,20svh)))]\" dir=\"auto\" data-turn-id=\"request-69d29b4a-d08c-8325-a4d6-93e81e0b300d-20\" data-testid=\"conversation-turn-100\" data-scroll-anchor=\"false\" data-turn=\"assistant\">\n<div class=\"text-base my-auto mx-auto pb-10 [--thread-content-margin:var(--thread-content-margin-xs,calc(var(--spacing)*4))] @w-sm\/main:[--thread-content-margin:var(--thread-content-margin-sm,calc(var(--spacing)*6))] @w-lg\/main:[--thread-content-margin:var(--thread-content-margin-lg,calc(var(--spacing)*16))] px-(--thread-content-margin)\">\n<div class=\"[--thread-content-max-width:40rem] @w-lg\/main:[--thread-content-max-width:48rem] mx-auto max-w-(--thread-content-max-width) flex-1 group\/turn-messages focus-visible:outline-hidden relative flex w-full min-w-0 flex-col agent-turn\">\n<div class=\"flex max-w-full flex-col gap-4 grow\">\n<div class=\"min-h-8 text-message relative flex w-full flex-col items-end gap-2 text-start break-words whitespace-normal outline-none keyboard-focused:focus-ring [.text-message+&amp;]:mt-1\" dir=\"auto\" tabindex=\"0\" data-message-author-role=\"assistant\" data-message-id=\"5e009af1-7be6-401d-abde-9b6e9ec067f1\" data-turn-start-message=\"true\" data-message-model-slug=\"gpt-5-3\">\n<div class=\"flex w-full flex-col gap-1 empty:hidden\">\n<div class=\"markdown prose dark:prose-invert w-full wrap-break-word light markdown-new-styling\">\n<p data-start=\"455\" data-end=\"635\">Le <strong data-start=\"458\" data-end=\"509\">MUSC TAHARA TROPICAL FRUITS 12 ML &#8211; GULF ORCHID<\/strong> est une huile parfum\u00e9e concentr\u00e9e qui associe fra\u00eecheur exotique et douceur musqu\u00e9e dans une composition moderne et \u00e9l\u00e9gante.<\/p>\n<p data-start=\"637\" data-end=\"905\">Tr\u00e8s appr\u00e9ci\u00e9 au Maroc, ce musc tahara offre une sensation \u201cpropre\u201d avec une touche fruit\u00e9e gourmande. D\u00e8s l\u2019application, il d\u00e9voile une ouverture lumineuse avec des notes ald\u00e9hyd\u00e9es et de poire, apportant fra\u00eecheur et l\u00e9g\u00e8ret\u00e9.<\/p>\n<p data-start=\"907\" data-end=\"1086\">Le c\u0153ur r\u00e9v\u00e8le un m\u00e9lange harmonieux de musc, de notes florales et de fruits tropicaux, cr\u00e9ant une signature douce, exotique et s\u00e9duisante.<\/p>\n<p data-start=\"1088\" data-end=\"1299\">En fond, les notes ambr\u00e9es et musqu\u00e9es assurent un sillage chaud, propre et durable, id\u00e9al pour une utilisation quotidienne ou en layering avec une makhmaria ou un parfum.<\/p>\n<p data-start=\"1301\" data-end=\"1527\">Sa texture huileuse sans alcool permet une tenue sup\u00e9rieure et une application cibl\u00e9e sur les zones de pulsation (poignets, cou, cheveux), offrant une diffusion \u00e9l\u00e9gante et longue dur\u00e9e.<\/p>\n<hr data-start=\"1529\" data-end=\"1532\" \/>\n<h3 data-section-id=\"lnlr2q\" data-start=\"1534\" data-end=\"1590\">\ud83d\udca8 Profil olfactif (source officielle Gulf Orchid)<\/h3>\n<ul data-start=\"1591\" data-end=\"1832\">\n<li data-section-id=\"15dtobw\" data-start=\"1591\" data-end=\"1665\">Notes de t\u00eate : Ald\u00e9hydes, Poire<\/li>\n<li data-section-id=\"4zt1p\" data-start=\"1666\" data-end=\"1762\">Notes de c\u0153ur : Musc, Notes florales, Fruits tropicaux<\/li>\n<li data-section-id=\"1p7l9kj\" data-start=\"1763\" data-end=\"1832\">Notes de fond : Ambre, Musc<\/li>\n<\/ul>\n<h3 data-section-id=\"9uuma8\" data-start=\"1839\" data-end=\"1869\">\ud83d\udecb\ufe0f Avantages principaux<\/h3>\n<ul data-start=\"1870\" data-end=\"2103\">\n<li data-section-id=\"1am5d7n\" data-start=\"1870\" data-end=\"1915\">Musc tahara concentr\u00e9 (tr\u00e8s longue tenue)<\/li>\n<li data-section-id=\"4s3y61\" data-start=\"1916\" data-end=\"1952\">Parfum exotique fruit\u00e9 et musqu\u00e9<\/li>\n<li data-section-id=\"t97yv2\" data-start=\"1953\" data-end=\"1992\">Format compact id\u00e9al pour transport<\/li>\n<li data-section-id=\"d6z232\" data-start=\"1993\" data-end=\"2043\">Parfait pour layering avec makhmaria et parfum<\/li>\n<li data-section-id=\"1tav0ap\" data-start=\"2044\" data-end=\"2070\">Tr\u00e8s tendance au Maroc<\/li>\n<li data-section-id=\"fufymm\" data-start=\"2071\" data-end=\"2103\">Application corps et cheveux<\/li>\n<\/ul>\n<h3 data-section-id=\"w3et1a\" data-start=\"2110\" data-end=\"2125\">\ud83d\udce6 Format<\/h3>\n<ul data-start=\"2126\" data-end=\"2192\">\n<li data-section-id=\"1lkexeq\" data-start=\"2126\" data-end=\"2169\">Huile parfum\u00e9e concentr\u00e9e (musc tahara)<\/li>\n<li data-section-id=\"1u4hwtg\" data-start=\"2170\" data-end=\"2192\">Contenance : 12 ml<\/li>\n<\/ul>\n<\/div>\n<\/div>\n<\/div>\n<\/div>\n<\/div>\n<\/div>\n<\/section>\n<\/div>\n<\/div>","protected":false},"excerpt":{"rendered":"<p>Le MUSC TAHARA TROPICAL FRUITS 12 ML &#8211; GULF ORCHID est une huile parfum\u00e9e concentr\u00e9e qui associe fra\u00eecheur exotique et douceur musqu\u00e9e dans une composition moderne et \u00e9l\u00e9gante. Tr\u00e8s appr\u00e9ci\u00e9 au Maroc, ce musc tahara offre une sensation \u201cpropre\u201d avec une touche fruit\u00e9e gourmande. D\u00e8s l\u2019application, il d\u00e9voile une ouverture lumineuse avec des notes ald\u00e9hyd\u00e9es [&hellip;]<\/p>","protected":false},"featured_media":6211,"comment_status":"open","ping_status":"closed","template":"","meta":{"_acf_changed":false,"content-type":""},"product_brand":[],"product_cat":[163,78],"product_tag":[],"class_list":{"0":"post-6206","1":"product","2":"type-product","3":"status-publish","4":"has-post-thumbnail","6":"product_cat-musk-mikhmaria","7":"product_cat-parfums","9":"first","10":"instock","11":"shipping-taxable","12":"product-type-simple"},"acf":[],"jetpack_sharing_enabled":true,"_links":{"self":[{"href":"https:\/\/saffir.ma\/fr\/wp-json\/wp\/v2\/product\/6206","targetHints":{"allow":["GET"]}}],"collection":[{"href":"https:\/\/saffir.ma\/fr\/wp-json\/wp\/v2\/product"}],"about":[{"href":"https:\/\/saffir.ma\/fr\/wp-json\/wp\/v2\/types\/product"}],"replies":[{"embeddable":true,"href":"https:\/\/saffir.ma\/fr\/wp-json\/wp\/v2\/comments?post=6206"}],"wp:featuredmedia":[{"embeddable":true,"href":"https:\/\/saffir.ma\/fr\/wp-json\/wp\/v2\/media\/6211"}],"wp:attachment":[{"href":"https:\/\/saffir.ma\/fr\/wp-json\/wp\/v2\/media?parent=6206"}],"wp:term":[{"taxonomy":"product_brand","embeddable":true,"href":"https:\/\/saffir.ma\/fr\/wp-json\/wp\/v2\/product_brand?post=6206"},{"taxonomy":"product_cat","embeddable":true,"href":"https:\/\/saffir.ma\/fr\/wp-json\/wp\/v2\/product_cat?post=6206"},{"taxonomy":"product_tag","embeddable":true,"href":"https:\/\/saffir.ma\/fr\/wp-json\/wp\/v2\/product_tag?post=6206"}],"curies":[{"name":"wp","href":"https:\/\/api.w.org\/{rel}","templated":true}]}}